{"id":952,"date":"2022-01-28T14:25:20","date_gmt":"2022-01-28T19:25:20","guid":{"rendered":"https:\/\/arnaitvideo.ca\/sol\/"},"modified":"2022-03-30T11:50:58","modified_gmt":"2022-03-30T16:50:58","slug":"sol","status":"publish","type":"page","link":"https:\/\/arnaitvideo.ca\/fr\/sol\/","title":{"rendered":"Sol"},"content":{"rendered":"<div>\n<div style=\"height: 20px; overflow: hidden;\"><\/div>\n<div id=\"705654471147941194-slideshow\"><\/div>\n<p><script type=\"text\/javascript\">\n(function(jQuery) {\nfunction init() { window.wSlideshow && window.wSlideshow.render({elementID:\"705654471147941194\",nav:\"thumbnails\",navLocation:\"top\",captionLocation:\"bottom\",transition:\"fade\",autoplay:\"0\",speed:\"5\",aspectRatio:\"auto\",showControls:\"true\",randomStart:\"false\",images:[{\"url\":\"2\/5\/8\/7\/25878911\/1982054.jpg\",\"width\":\"400\",\"height\":\"224\"},{\"url\":\"2\/5\/8\/7\/25878911\/9564229.jpg\",\"width\":\"400\",\"height\":\"225\"},{\"url\":\"2\/5\/8\/7\/25878911\/5884975.jpg\",\"width\":\"400\",\"height\":\"225\"},{\"url\":\"2\/5\/8\/7\/25878911\/1269658.jpg\",\"width\":\"400\",\"height\":\"225\"},{\"url\":\"2\/5\/8\/7\/25878911\/6972353.jpg\",\"width\":\"400\",\"height\":\"258\"},{\"url\":\"2\/5\/8\/7\/25878911\/8297188.jpg\",\"width\":\"400\",\"height\":\"224\"},{\"url\":\"2\/5\/8\/7\/25878911\/6746593.jpg\",\"width\":\"400\",\"height\":\"267\"},{\"url\":\"2\/5\/8\/7\/25878911\/1646301.jpg\",\"width\":\"400\",\"height\":\"225\"},{\"url\":\"2\/5\/8\/7\/25878911\/6300039.jpg\",\"width\":\"400\",\"height\":\"266\"}]}) }\njQuery(document).ready(init);\n})(window.jQuery)\n<\/script><\/p>\n<div style=\"height: 20px; overflow: hidden;\"><\/div>\n<\/div>\n","protected":false},"excerpt":{"rendered":"<p> [&#8230;]<\/p>\n<p><a class=\"btn btn-secondary understrap-read-more-link\" href=\"https:\/\/arnaitvideo.ca\/fr\/sol\/\">Read More&#8230;<span class=\"screen-reader-text\"> from Sol<\/span><\/a><\/p>\n","protected":false},"author":1,"featured_media":0,"parent":0,"menu_order":0,"comment_status":"closed","ping_status":"closed","template":"page-templates\/galerie-horizontale.php","meta":{"_acf_changed":false,"footnotes":""},"class_list":["post-952","page","type-page","status-publish","hentry"],"acf":[],"yoast_head":"<!-- This site is optimized with the Yoast SEO plugin v26.5 - https:\/\/yoast.com\/wordpress\/plugins\/seo\/ -->\n<title>Sol - Arnait Video Productions<\/title>\n<meta name=\"description\" content=\"Un hommage \u00e9mouvant \u00e0 Solomon Tapatia Uyarasuk, un jeune Inuk charismatique retrouv\u00e9 mort dans le commissariat d\u2019Igloolik en 2012.\" \/>\n<meta name=\"robots\" content=\"index, follow, max-snippet:-1, max-image-preview:large, max-video-preview:-1\" \/>\n<link rel=\"canonical\" href=\"https:\/\/arnaitvideo.ca\/sol\/\" \/>\n<meta property=\"og:locale\" content=\"fr_CA\" \/>\n<meta property=\"og:type\" content=\"article\" \/>\n<meta property=\"og:title\" content=\"Sol - Arnait Video Productions\" \/>\n<meta property=\"og:description\" content=\"Un hommage \u00e9mouvant \u00e0 Solomon Tapatia Uyarasuk, un jeune Inuk charismatique retrouv\u00e9 mort dans le commissariat d\u2019Igloolik en 2012.\" \/>\n<meta property=\"og:url\" content=\"https:\/\/arnaitvideo.ca\/sol\/\" \/>\n<meta property=\"og:site_name\" content=\"Arnait Video Productions\" \/>\n<meta property=\"article:modified_time\" content=\"2022-03-30T16:50:58+00:00\" \/>\n<meta property=\"og:image\" content=\"https:\/\/arnaitvideo.ca\/wp-content\/uploads\/2022\/04\/Arnait-Video-Productions-team.jpeg\" \/>\n\t<meta property=\"og:image:width\" content=\"960\" \/>\n\t<meta property=\"og:image:height\" content=\"720\" \/>\n\t<meta property=\"og:image:type\" content=\"image\/jpeg\" \/>\n<meta name=\"twitter:card\" content=\"summary_large_image\" \/>\n<script type=\"application\/ld+json\" class=\"yoast-schema-graph\">{\"@context\":\"https:\/\/schema.org\",\"@graph\":[{\"@type\":\"WebPage\",\"@id\":\"https:\/\/arnaitvideo.ca\/sol\/\",\"url\":\"https:\/\/arnaitvideo.ca\/sol\/\",\"name\":\"Sol - Arnait Video Productions\",\"isPartOf\":{\"@id\":\"https:\/\/arnaitvideo.ca\/#website\"},\"datePublished\":\"2022-01-28T19:25:20+00:00\",\"dateModified\":\"2022-03-30T16:50:58+00:00\",\"description\":\"Un hommage \u00e9mouvant \u00e0 Solomon Tapatia Uyarasuk, un jeune Inuk charismatique retrouv\u00e9 mort dans le commissariat d\u2019Igloolik en 2012.\",\"inLanguage\":\"fr-CA\",\"potentialAction\":[{\"@type\":\"ReadAction\",\"target\":[\"https:\/\/arnaitvideo.ca\/sol\/\"]}]},{\"@type\":\"WebSite\",\"@id\":\"https:\/\/arnaitvideo.ca\/#website\",\"url\":\"https:\/\/arnaitvideo.ca\/\",\"name\":\"Arnait Video Productions\",\"description\":\"Voicing a Unique Canadian View\",\"publisher\":{\"@id\":\"https:\/\/arnaitvideo.ca\/#organization\"},\"potentialAction\":[{\"@type\":\"SearchAction\",\"target\":{\"@type\":\"EntryPoint\",\"urlTemplate\":\"https:\/\/arnaitvideo.ca\/?s={search_term_string}\"},\"query-input\":{\"@type\":\"PropertyValueSpecification\",\"valueRequired\":true,\"valueName\":\"search_term_string\"}}],\"inLanguage\":\"fr-CA\"},{\"@type\":\"Organization\",\"@id\":\"https:\/\/arnaitvideo.ca\/#organization\",\"name\":\"Arnait Video Productions\",\"url\":\"https:\/\/arnaitvideo.ca\/\",\"logo\":{\"@type\":\"ImageObject\",\"inLanguage\":\"fr-CA\",\"@id\":\"https:\/\/arnaitvideo.ca\/#\/schema\/logo\/image\/\",\"url\":\"https:\/\/arnaitvideo.ca\/wp-content\/uploads\/2022\/04\/Arnait-Video-Productions.jpeg\",\"contentUrl\":\"https:\/\/arnaitvideo.ca\/wp-content\/uploads\/2022\/04\/Arnait-Video-Productions.jpeg\",\"width\":1128,\"height\":750,\"caption\":\"Arnait Video Productions\"},\"image\":{\"@id\":\"https:\/\/arnaitvideo.ca\/#\/schema\/logo\/image\/\"}}]}<\/script>\n<!-- \/ Yoast SEO plugin. -->","yoast_head_json":{"title":"Sol - Arnait Video Productions","description":"Un hommage \u00e9mouvant \u00e0 Solomon Tapatia Uyarasuk, un jeune Inuk charismatique retrouv\u00e9 mort dans le commissariat d\u2019Igloolik en 2012.","robots":{"index":"index","follow":"follow","max-snippet":"max-snippet:-1","max-image-preview":"max-image-preview:large","max-video-preview":"max-video-preview:-1"},"canonical":"https:\/\/arnaitvideo.ca\/sol\/","og_locale":"fr_CA","og_type":"article","og_title":"Sol - Arnait Video Productions","og_description":"Un hommage \u00e9mouvant \u00e0 Solomon Tapatia Uyarasuk, un jeune Inuk charismatique retrouv\u00e9 mort dans le commissariat d\u2019Igloolik en 2012.","og_url":"https:\/\/arnaitvideo.ca\/sol\/","og_site_name":"Arnait Video Productions","article_modified_time":"2022-03-30T16:50:58+00:00","og_image":[{"width":960,"height":720,"url":"https:\/\/arnaitvideo.ca\/wp-content\/uploads\/2022\/04\/Arnait-Video-Productions-team.jpeg","type":"image\/jpeg"}],"twitter_card":"summary_large_image","schema":{"@context":"https:\/\/schema.org","@graph":[{"@type":"WebPage","@id":"https:\/\/arnaitvideo.ca\/sol\/","url":"https:\/\/arnaitvideo.ca\/sol\/","name":"Sol - Arnait Video Productions","isPartOf":{"@id":"https:\/\/arnaitvideo.ca\/#website"},"datePublished":"2022-01-28T19:25:20+00:00","dateModified":"2022-03-30T16:50:58+00:00","description":"Un hommage \u00e9mouvant \u00e0 Solomon Tapatia Uyarasuk, un jeune Inuk charismatique retrouv\u00e9 mort dans le commissariat d\u2019Igloolik en 2012.","inLanguage":"fr-CA","potentialAction":[{"@type":"ReadAction","target":["https:\/\/arnaitvideo.ca\/sol\/"]}]},{"@type":"WebSite","@id":"https:\/\/arnaitvideo.ca\/#website","url":"https:\/\/arnaitvideo.ca\/","name":"Arnait Video Productions","description":"Voicing a Unique Canadian View","publisher":{"@id":"https:\/\/arnaitvideo.ca\/#organization"},"potentialAction":[{"@type":"SearchAction","target":{"@type":"EntryPoint","urlTemplate":"https:\/\/arnaitvideo.ca\/?s={search_term_string}"},"query-input":{"@type":"PropertyValueSpecification","valueRequired":true,"valueName":"search_term_string"}}],"inLanguage":"fr-CA"},{"@type":"Organization","@id":"https:\/\/arnaitvideo.ca\/#organization","name":"Arnait Video Productions","url":"https:\/\/arnaitvideo.ca\/","logo":{"@type":"ImageObject","inLanguage":"fr-CA","@id":"https:\/\/arnaitvideo.ca\/#\/schema\/logo\/image\/","url":"https:\/\/arnaitvideo.ca\/wp-content\/uploads\/2022\/04\/Arnait-Video-Productions.jpeg","contentUrl":"https:\/\/arnaitvideo.ca\/wp-content\/uploads\/2022\/04\/Arnait-Video-Productions.jpeg","width":1128,"height":750,"caption":"Arnait Video Productions"},"image":{"@id":"https:\/\/arnaitvideo.ca\/#\/schema\/logo\/image\/"}}]}},"_links":{"self":[{"href":"https:\/\/arnaitvideo.ca\/fr\/wp-json\/wp\/v2\/pages\/952","targetHints":{"allow":["GET"]}}],"collection":[{"href":"https:\/\/arnaitvideo.ca\/fr\/wp-json\/wp\/v2\/pages"}],"about":[{"href":"https:\/\/arnaitvideo.ca\/fr\/wp-json\/wp\/v2\/types\/page"}],"author":[{"embeddable":true,"href":"https:\/\/arnaitvideo.ca\/fr\/wp-json\/wp\/v2\/users\/1"}],"replies":[{"embeddable":true,"href":"https:\/\/arnaitvideo.ca\/fr\/wp-json\/wp\/v2\/comments?post=952"}],"version-history":[{"count":2,"href":"https:\/\/arnaitvideo.ca\/fr\/wp-json\/wp\/v2\/pages\/952\/revisions"}],"predecessor-version":[{"id":1247,"href":"https:\/\/arnaitvideo.ca\/fr\/wp-json\/wp\/v2\/pages\/952\/revisions\/1247"}],"wp:attachment":[{"href":"https:\/\/arnaitvideo.ca\/fr\/wp-json\/wp\/v2\/media?parent=952"}],"curies":[{"name":"wp","href":"https:\/\/api.w.org\/{rel}","templated":true}]}}