{"id":948,"date":"2022-01-28T14:25:20","date_gmt":"2022-01-28T19:25:20","guid":{"rendered":"https:\/\/arnaitvideo.ca\/sivummut\/"},"modified":"2022-03-30T11:49:35","modified_gmt":"2022-03-30T16:49:35","slug":"sivummut","status":"publish","type":"page","link":"https:\/\/arnaitvideo.ca\/fr\/sivummut\/","title":{"rendered":"Sivummut"},"content":{"rendered":"<div>\n<div style=\"height: 20px; overflow: hidden;\"><\/div>\n<div id=\"644019926832887898-slideshow\"><\/div>\n<p><script type=\"text\/javascript\">\n(function(jQuery) {\nfunction init() { window.wSlideshow && window.wSlideshow.render({elementID:\"644019926832887898\",nav:\"thumbnails\",navLocation:\"top\",captionLocation:\"bottom\",transition:\"fade\",autoplay:\"0\",speed:\"5\",aspectRatio:\"auto\",showControls:\"true\",randomStart:\"false\",images:[{\"url\":\"2\/5\/8\/7\/25878911\/1923302.jpg\",\"width\":\"400\",\"height\":\"224\",\"caption\":\"Sea kayaker Maligiaq Padilla from Greenland teaches youth from Puvirnituq, Nunavik the tricky art of rolling their kayaks. \u00a92013 Sivummut\"},{\"url\":\"2\/5\/8\/7\/25878911\/5302961.jpg\",\"width\":\"400\",\"height\":\"224\",\"caption\":\"Kawtysie Kakee is weaving in the Uqqurmiut Centre for Arts and Crafts in Pangnirtung on Baffin Island. \u00a92013 Sivummut\"},{\"url\":\"2\/5\/8\/7\/25878911\/4437017.jpg\",\"width\":\"400\",\"height\":\"224\",\"caption\":\"Leeveena Nuyalia is the vice-principle and a teacher mentor at Nakasuk Elementary School in Iqaluit, Nunavut. \u00a92013 Sivummut\"},{\"url\":\"2\/5\/8\/7\/25878911\/6936085.jpg\",\"width\":\"400\",\"height\":\"266\",\"caption\":\"Inuit who go to the Ivirtivik Centre in Montreal. There are about 10,000 Inuit who live in southern cities, mostly in Montreal and Ottawa. \u00a92013 Sivummut\"},{\"url\":\"2\/5\/8\/7\/25878911\/5474393.jpg\",\"width\":\"400\",\"height\":\"266\",\"caption\":\"Elaine Kilabuk is being mentored to become the first Inuit doctor. \u00a92013 Sivummut\"},{\"url\":\"2\/5\/8\/7\/25878911\/8373294.jpg\",\"width\":\"400\",\"height\":\"224\",\"caption\":\"Johnny Issaluk, a world champion in Arctic high kick, is preparing to make an igloo. \u00a92013 Sivummut\"},{\"url\":\"2\/5\/8\/7\/25878911\/1564089.jpg\",\"width\":\"400\",\"height\":\"224\",\"caption\":\"Meeka and Becky Kilabuk are mother and daughter, and each is mentoring the other in the art that is her specialty. \u00a92013 Sivummut\"},{\"url\":\"2\/5\/8\/7\/25878911\/5218387.jpg\",\"width\":\"400\",\"height\":\"224\",\"caption\":\"The traditional Inuit stone lamp, the qulliq, represents the journey Inuit have travelled from their cultural roots to the present day. \u00a92013 Sivummut\"}]}) }\njQuery(document).ready(init);\n})(window.jQuery)\n<\/script><\/p>\n<div style=\"height: 20px; overflow: hidden;\"><\/div>\n<\/div>\n","protected":false},"excerpt":{"rendered":"<p> [&#8230;]<\/p>\n<p><a class=\"btn btn-secondary understrap-read-more-link\" href=\"https:\/\/arnaitvideo.ca\/fr\/sivummut\/\">Read More&#8230;<span class=\"screen-reader-text\"> from Sivummut<\/span><\/a><\/p>\n","protected":false},"author":1,"featured_media":0,"parent":0,"menu_order":0,"comment_status":"closed","ping_status":"closed","template":"page-templates\/galerie-horizontale.php","meta":{"_acf_changed":false,"footnotes":""},"class_list":["post-948","page","type-page","status-publish","hentry"],"acf":[],"yoast_head":"<!-- This site is optimized with the Yoast SEO plugin v26.5 - https:\/\/yoast.com\/wordpress\/plugins\/seo\/ -->\n<title>Sivummut - Arnait Video Productions<\/title>\n<meta name=\"description\" content=\"Six \u00e9pisodes qui c\u00e9l\u00e8brent les triomphes de leaders inuits dans les arts, les sports, l\u2019environnement, les soins de sant\u00e9 et l\u2019\u00e9ducation.\" \/>\n<meta name=\"robots\" content=\"index, follow, max-snippet:-1, max-image-preview:large, max-video-preview:-1\" \/>\n<link rel=\"canonical\" href=\"https:\/\/arnaitvideo.ca\/sivummut\/\" \/>\n<meta property=\"og:locale\" content=\"fr_CA\" \/>\n<meta property=\"og:type\" content=\"article\" \/>\n<meta property=\"og:title\" content=\"Sivummut - Arnait Video Productions\" \/>\n<meta property=\"og:description\" content=\"Six \u00e9pisodes qui c\u00e9l\u00e8brent les triomphes de leaders inuits dans les arts, les sports, l\u2019environnement, les soins de sant\u00e9 et l\u2019\u00e9ducation.\" \/>\n<meta property=\"og:url\" content=\"https:\/\/arnaitvideo.ca\/sivummut\/\" \/>\n<meta property=\"og:site_name\" content=\"Arnait Video Productions\" \/>\n<meta property=\"article:modified_time\" content=\"2022-03-30T16:49:35+00:00\" \/>\n<meta property=\"og:image\" content=\"https:\/\/arnaitvideo.ca\/wp-content\/uploads\/2022\/04\/Arnait-Video-Productions-team.jpeg\" \/>\n\t<meta property=\"og:image:width\" content=\"960\" \/>\n\t<meta property=\"og:image:height\" content=\"720\" \/>\n\t<meta property=\"og:image:type\" content=\"image\/jpeg\" \/>\n<meta name=\"twitter:card\" content=\"summary_large_image\" \/>\n<script type=\"application\/ld+json\" class=\"yoast-schema-graph\">{\"@context\":\"https:\/\/schema.org\",\"@graph\":[{\"@type\":\"WebPage\",\"@id\":\"https:\/\/arnaitvideo.ca\/sivummut\/\",\"url\":\"https:\/\/arnaitvideo.ca\/sivummut\/\",\"name\":\"Sivummut - Arnait Video Productions\",\"isPartOf\":{\"@id\":\"https:\/\/arnaitvideo.ca\/#website\"},\"datePublished\":\"2022-01-28T19:25:20+00:00\",\"dateModified\":\"2022-03-30T16:49:35+00:00\",\"description\":\"Six \u00e9pisodes qui c\u00e9l\u00e8brent les triomphes de leaders inuits dans les arts, les sports, l\u2019environnement, les soins de sant\u00e9 et l\u2019\u00e9ducation.\",\"inLanguage\":\"fr-CA\",\"potentialAction\":[{\"@type\":\"ReadAction\",\"target\":[\"https:\/\/arnaitvideo.ca\/sivummut\/\"]}]},{\"@type\":\"WebSite\",\"@id\":\"https:\/\/arnaitvideo.ca\/#website\",\"url\":\"https:\/\/arnaitvideo.ca\/\",\"name\":\"Arnait Video Productions\",\"description\":\"Voicing a Unique Canadian View\",\"publisher\":{\"@id\":\"https:\/\/arnaitvideo.ca\/#organization\"},\"potentialAction\":[{\"@type\":\"SearchAction\",\"target\":{\"@type\":\"EntryPoint\",\"urlTemplate\":\"https:\/\/arnaitvideo.ca\/?s={search_term_string}\"},\"query-input\":{\"@type\":\"PropertyValueSpecification\",\"valueRequired\":true,\"valueName\":\"search_term_string\"}}],\"inLanguage\":\"fr-CA\"},{\"@type\":\"Organization\",\"@id\":\"https:\/\/arnaitvideo.ca\/#organization\",\"name\":\"Arnait Video Productions\",\"url\":\"https:\/\/arnaitvideo.ca\/\",\"logo\":{\"@type\":\"ImageObject\",\"inLanguage\":\"fr-CA\",\"@id\":\"https:\/\/arnaitvideo.ca\/#\/schema\/logo\/image\/\",\"url\":\"https:\/\/arnaitvideo.ca\/wp-content\/uploads\/2022\/04\/Arnait-Video-Productions.jpeg\",\"contentUrl\":\"https:\/\/arnaitvideo.ca\/wp-content\/uploads\/2022\/04\/Arnait-Video-Productions.jpeg\",\"width\":1128,\"height\":750,\"caption\":\"Arnait Video Productions\"},\"image\":{\"@id\":\"https:\/\/arnaitvideo.ca\/#\/schema\/logo\/image\/\"}}]}<\/script>\n<!-- \/ Yoast SEO plugin. -->","yoast_head_json":{"title":"Sivummut - Arnait Video Productions","description":"Six \u00e9pisodes qui c\u00e9l\u00e8brent les triomphes de leaders inuits dans les arts, les sports, l\u2019environnement, les soins de sant\u00e9 et l\u2019\u00e9ducation.","robots":{"index":"index","follow":"follow","max-snippet":"max-snippet:-1","max-image-preview":"max-image-preview:large","max-video-preview":"max-video-preview:-1"},"canonical":"https:\/\/arnaitvideo.ca\/sivummut\/","og_locale":"fr_CA","og_type":"article","og_title":"Sivummut - Arnait Video Productions","og_description":"Six \u00e9pisodes qui c\u00e9l\u00e8brent les triomphes de leaders inuits dans les arts, les sports, l\u2019environnement, les soins de sant\u00e9 et l\u2019\u00e9ducation.","og_url":"https:\/\/arnaitvideo.ca\/sivummut\/","og_site_name":"Arnait Video Productions","article_modified_time":"2022-03-30T16:49:35+00:00","og_image":[{"width":960,"height":720,"url":"https:\/\/arnaitvideo.ca\/wp-content\/uploads\/2022\/04\/Arnait-Video-Productions-team.jpeg","type":"image\/jpeg"}],"twitter_card":"summary_large_image","schema":{"@context":"https:\/\/schema.org","@graph":[{"@type":"WebPage","@id":"https:\/\/arnaitvideo.ca\/sivummut\/","url":"https:\/\/arnaitvideo.ca\/sivummut\/","name":"Sivummut - Arnait Video Productions","isPartOf":{"@id":"https:\/\/arnaitvideo.ca\/#website"},"datePublished":"2022-01-28T19:25:20+00:00","dateModified":"2022-03-30T16:49:35+00:00","description":"Six \u00e9pisodes qui c\u00e9l\u00e8brent les triomphes de leaders inuits dans les arts, les sports, l\u2019environnement, les soins de sant\u00e9 et l\u2019\u00e9ducation.","inLanguage":"fr-CA","potentialAction":[{"@type":"ReadAction","target":["https:\/\/arnaitvideo.ca\/sivummut\/"]}]},{"@type":"WebSite","@id":"https:\/\/arnaitvideo.ca\/#website","url":"https:\/\/arnaitvideo.ca\/","name":"Arnait Video Productions","description":"Voicing a Unique Canadian View","publisher":{"@id":"https:\/\/arnaitvideo.ca\/#organization"},"potentialAction":[{"@type":"SearchAction","target":{"@type":"EntryPoint","urlTemplate":"https:\/\/arnaitvideo.ca\/?s={search_term_string}"},"query-input":{"@type":"PropertyValueSpecification","valueRequired":true,"valueName":"search_term_string"}}],"inLanguage":"fr-CA"},{"@type":"Organization","@id":"https:\/\/arnaitvideo.ca\/#organization","name":"Arnait Video Productions","url":"https:\/\/arnaitvideo.ca\/","logo":{"@type":"ImageObject","inLanguage":"fr-CA","@id":"https:\/\/arnaitvideo.ca\/#\/schema\/logo\/image\/","url":"https:\/\/arnaitvideo.ca\/wp-content\/uploads\/2022\/04\/Arnait-Video-Productions.jpeg","contentUrl":"https:\/\/arnaitvideo.ca\/wp-content\/uploads\/2022\/04\/Arnait-Video-Productions.jpeg","width":1128,"height":750,"caption":"Arnait Video Productions"},"image":{"@id":"https:\/\/arnaitvideo.ca\/#\/schema\/logo\/image\/"}}]}},"_links":{"self":[{"href":"https:\/\/arnaitvideo.ca\/fr\/wp-json\/wp\/v2\/pages\/948","targetHints":{"allow":["GET"]}}],"collection":[{"href":"https:\/\/arnaitvideo.ca\/fr\/wp-json\/wp\/v2\/pages"}],"about":[{"href":"https:\/\/arnaitvideo.ca\/fr\/wp-json\/wp\/v2\/types\/page"}],"author":[{"embeddable":true,"href":"https:\/\/arnaitvideo.ca\/fr\/wp-json\/wp\/v2\/users\/1"}],"replies":[{"embeddable":true,"href":"https:\/\/arnaitvideo.ca\/fr\/wp-json\/wp\/v2\/comments?post=948"}],"version-history":[{"count":1,"href":"https:\/\/arnaitvideo.ca\/fr\/wp-json\/wp\/v2\/pages\/948\/revisions"}],"predecessor-version":[{"id":949,"href":"https:\/\/arnaitvideo.ca\/fr\/wp-json\/wp\/v2\/pages\/948\/revisions\/949"}],"wp:attachment":[{"href":"https:\/\/arnaitvideo.ca\/fr\/wp-json\/wp\/v2\/media?parent=948"}],"curies":[{"name":"wp","href":"https:\/\/api.w.org\/{rel}","templated":true}]}}