{"id":864,"date":"2022-01-28T14:25:20","date_gmt":"2022-01-28T19:25:20","guid":{"rendered":"https:\/\/arnaitvideo.ca\/before-tomorrow\/"},"modified":"2022-03-30T11:31:29","modified_gmt":"2022-03-30T16:31:29","slug":"before-tomorrow","status":"publish","type":"page","link":"https:\/\/arnaitvideo.ca\/fr\/before-tomorrow\/","title":{"rendered":"Before Tomorrow"},"content":{"rendered":"<div>\n<div style=\"height: 20px; overflow: hidden;\"><\/div>\n<div id=\"756240155190709130-slideshow\"><\/div>\n<p><script type=\"text\/javascript\">\n(function(jQuery) {\nfunction init() { window.wSlideshow && window.wSlideshow.render({elementID:\"756240155190709130\",nav:\"thumbnails\",navLocation:\"top\",captionLocation:\"bottom\",transition:\"fade\",autoplay:\"0\",speed:\"5\",aspectRatio:\"auto\",showControls:\"true\",randomStart:\"false\",images:[{\"url\":\"2\/5\/8\/7\/25878911\/2738681.jpg\",\"width\":\"400\",\"height\":\"256\",\"caption\":\"Photo by Oana Spinu \u00a9 Arnait Video Productions\"},{\"url\":\"2\/5\/8\/7\/25878911\/1795149.jpg\",\"width\":\"400\",\"height\":\"266\",\"caption\":\"Photo by Oana Spinu \u00a9 Arnait Video Productions\"},{\"url\":\"2\/5\/8\/7\/25878911\/9434814.jpg\",\"width\":\"400\",\"height\":\"266\",\"caption\":\"Photo by Oana Spinu \u00a9 Arnait Video Productions\"},{\"url\":\"2\/5\/8\/7\/25878911\/3819485.jpg\",\"width\":\"400\",\"height\":\"266\",\"caption\":\"Photo by Oana Spinu \u00a9 Arnait Video Productions\"},{\"url\":\"2\/5\/8\/7\/25878911\/3468707.jpg\",\"width\":\"400\",\"height\":\"291\",\"caption\":\"Photo by Oana Spinu \u00a9 Arnait Video Productions\"},{\"url\":\"2\/5\/8\/7\/25878911\/5891613.jpg\",\"width\":\"400\",\"height\":\"266\",\"caption\":\"Photo by Oana Spinu \u00a9 Arnait Video Productions\"},{\"url\":\"2\/5\/8\/7\/25878911\/7958090.jpg\",\"width\":\"400\",\"height\":\"266\",\"caption\":\"Photo by Oana Spinu \u00a9 Arnait Video Productions\"},{\"url\":\"2\/5\/8\/7\/25878911\/4592379.jpg\",\"width\":\"400\",\"height\":\"226\",\"caption\":\"Photo by Oana Spinu \u00a9 Arnait Video Productions\"},{\"url\":\"2\/5\/8\/7\/25878911\/7868121.jpg\",\"width\":\"400\",\"height\":\"257\",\"caption\":\"Photo by Oana Spinu \u00a9 Arnait Video Productions\"},{\"url\":\"2\/5\/8\/7\/25878911\/4272180.jpg\",\"width\":\"400\",\"height\":\"586\",\"caption\":\"Photo by Oana Spinu \u00a9 Arnait Video Productions\"}]}) }\njQuery(document).ready(init);\n})(window.jQuery)\n<\/script><\/p>\n<div style=\"height: 20px; overflow: hidden;\"><\/div>\n<\/div>\n","protected":false},"excerpt":{"rendered":"<p> [&#8230;]<\/p>\n<p><a class=\"btn btn-secondary understrap-read-more-link\" href=\"https:\/\/arnaitvideo.ca\/fr\/before-tomorrow\/\">Read More&#8230;<span class=\"screen-reader-text\"> from Before Tomorrow<\/span><\/a><\/p>\n","protected":false},"author":1,"featured_media":0,"parent":0,"menu_order":0,"comment_status":"closed","ping_status":"closed","template":"page-templates\/galerie-horizontale.php","meta":{"_acf_changed":false,"footnotes":""},"class_list":["post-864","page","type-page","status-publish","hentry"],"acf":[],"yoast_head":"<!-- This site is optimized with the Yoast SEO plugin v26.5 - https:\/\/yoast.com\/wordpress\/plugins\/seo\/ -->\n<title>Before Tomorrow - Arnait Video Productions<\/title>\n<meta name=\"description\" content=\"Le jour avant le lendemain: En 1840, deux familles inuites isol\u00e9es se r\u00e9unissent pour une c\u00e9l\u00e9bration apr\u00e8s de nombreuses ann\u00e9es de s\u00e9paration.\" \/>\n<meta name=\"robots\" content=\"index, follow, max-snippet:-1, max-image-preview:large, max-video-preview:-1\" \/>\n<link rel=\"canonical\" href=\"https:\/\/arnaitvideo.ca\/before-tomorrow\/\" \/>\n<meta property=\"og:locale\" content=\"fr_CA\" \/>\n<meta property=\"og:type\" content=\"article\" \/>\n<meta property=\"og:title\" content=\"Before Tomorrow - Arnait Video Productions\" \/>\n<meta property=\"og:description\" content=\"Le jour avant le lendemain: En 1840, deux familles inuites isol\u00e9es se r\u00e9unissent pour une c\u00e9l\u00e9bration apr\u00e8s de nombreuses ann\u00e9es de s\u00e9paration.\" \/>\n<meta property=\"og:url\" content=\"https:\/\/arnaitvideo.ca\/before-tomorrow\/\" \/>\n<meta property=\"og:site_name\" content=\"Arnait Video Productions\" \/>\n<meta property=\"article:modified_time\" content=\"2022-03-30T16:31:29+00:00\" \/>\n<meta property=\"og:image\" content=\"https:\/\/arnaitvideo.ca\/wp-content\/uploads\/2022\/04\/Arnait-Video-Productions-team.jpeg\" \/>\n\t<meta property=\"og:image:width\" content=\"960\" \/>\n\t<meta property=\"og:image:height\" content=\"720\" \/>\n\t<meta property=\"og:image:type\" content=\"image\/jpeg\" \/>\n<meta name=\"twitter:card\" content=\"summary_large_image\" \/>\n<script type=\"application\/ld+json\" class=\"yoast-schema-graph\">{\"@context\":\"https:\/\/schema.org\",\"@graph\":[{\"@type\":\"WebPage\",\"@id\":\"https:\/\/arnaitvideo.ca\/before-tomorrow\/\",\"url\":\"https:\/\/arnaitvideo.ca\/before-tomorrow\/\",\"name\":\"Before Tomorrow - Arnait Video Productions\",\"isPartOf\":{\"@id\":\"https:\/\/arnaitvideo.ca\/#website\"},\"datePublished\":\"2022-01-28T19:25:20+00:00\",\"dateModified\":\"2022-03-30T16:31:29+00:00\",\"description\":\"Le jour avant le lendemain: En 1840, deux familles inuites isol\u00e9es se r\u00e9unissent pour une c\u00e9l\u00e9bration apr\u00e8s de nombreuses ann\u00e9es de s\u00e9paration.\",\"inLanguage\":\"fr-CA\",\"potentialAction\":[{\"@type\":\"ReadAction\",\"target\":[\"https:\/\/arnaitvideo.ca\/before-tomorrow\/\"]}]},{\"@type\":\"WebSite\",\"@id\":\"https:\/\/arnaitvideo.ca\/#website\",\"url\":\"https:\/\/arnaitvideo.ca\/\",\"name\":\"Arnait Video Productions\",\"description\":\"Voicing a Unique Canadian View\",\"publisher\":{\"@id\":\"https:\/\/arnaitvideo.ca\/#organization\"},\"potentialAction\":[{\"@type\":\"SearchAction\",\"target\":{\"@type\":\"EntryPoint\",\"urlTemplate\":\"https:\/\/arnaitvideo.ca\/?s={search_term_string}\"},\"query-input\":{\"@type\":\"PropertyValueSpecification\",\"valueRequired\":true,\"valueName\":\"search_term_string\"}}],\"inLanguage\":\"fr-CA\"},{\"@type\":\"Organization\",\"@id\":\"https:\/\/arnaitvideo.ca\/#organization\",\"name\":\"Arnait Video Productions\",\"url\":\"https:\/\/arnaitvideo.ca\/\",\"logo\":{\"@type\":\"ImageObject\",\"inLanguage\":\"fr-CA\",\"@id\":\"https:\/\/arnaitvideo.ca\/#\/schema\/logo\/image\/\",\"url\":\"https:\/\/arnaitvideo.ca\/wp-content\/uploads\/2022\/04\/Arnait-Video-Productions.jpeg\",\"contentUrl\":\"https:\/\/arnaitvideo.ca\/wp-content\/uploads\/2022\/04\/Arnait-Video-Productions.jpeg\",\"width\":1128,\"height\":750,\"caption\":\"Arnait Video Productions\"},\"image\":{\"@id\":\"https:\/\/arnaitvideo.ca\/#\/schema\/logo\/image\/\"}}]}<\/script>\n<!-- \/ Yoast SEO plugin. -->","yoast_head_json":{"title":"Before Tomorrow - Arnait Video Productions","description":"Le jour avant le lendemain: En 1840, deux familles inuites isol\u00e9es se r\u00e9unissent pour une c\u00e9l\u00e9bration apr\u00e8s de nombreuses ann\u00e9es de s\u00e9paration.","robots":{"index":"index","follow":"follow","max-snippet":"max-snippet:-1","max-image-preview":"max-image-preview:large","max-video-preview":"max-video-preview:-1"},"canonical":"https:\/\/arnaitvideo.ca\/before-tomorrow\/","og_locale":"fr_CA","og_type":"article","og_title":"Before Tomorrow - Arnait Video Productions","og_description":"Le jour avant le lendemain: En 1840, deux familles inuites isol\u00e9es se r\u00e9unissent pour une c\u00e9l\u00e9bration apr\u00e8s de nombreuses ann\u00e9es de s\u00e9paration.","og_url":"https:\/\/arnaitvideo.ca\/before-tomorrow\/","og_site_name":"Arnait Video Productions","article_modified_time":"2022-03-30T16:31:29+00:00","og_image":[{"width":960,"height":720,"url":"https:\/\/arnaitvideo.ca\/wp-content\/uploads\/2022\/04\/Arnait-Video-Productions-team.jpeg","type":"image\/jpeg"}],"twitter_card":"summary_large_image","schema":{"@context":"https:\/\/schema.org","@graph":[{"@type":"WebPage","@id":"https:\/\/arnaitvideo.ca\/before-tomorrow\/","url":"https:\/\/arnaitvideo.ca\/before-tomorrow\/","name":"Before Tomorrow - Arnait Video Productions","isPartOf":{"@id":"https:\/\/arnaitvideo.ca\/#website"},"datePublished":"2022-01-28T19:25:20+00:00","dateModified":"2022-03-30T16:31:29+00:00","description":"Le jour avant le lendemain: En 1840, deux familles inuites isol\u00e9es se r\u00e9unissent pour une c\u00e9l\u00e9bration apr\u00e8s de nombreuses ann\u00e9es de s\u00e9paration.","inLanguage":"fr-CA","potentialAction":[{"@type":"ReadAction","target":["https:\/\/arnaitvideo.ca\/before-tomorrow\/"]}]},{"@type":"WebSite","@id":"https:\/\/arnaitvideo.ca\/#website","url":"https:\/\/arnaitvideo.ca\/","name":"Arnait Video Productions","description":"Voicing a Unique Canadian View","publisher":{"@id":"https:\/\/arnaitvideo.ca\/#organization"},"potentialAction":[{"@type":"SearchAction","target":{"@type":"EntryPoint","urlTemplate":"https:\/\/arnaitvideo.ca\/?s={search_term_string}"},"query-input":{"@type":"PropertyValueSpecification","valueRequired":true,"valueName":"search_term_string"}}],"inLanguage":"fr-CA"},{"@type":"Organization","@id":"https:\/\/arnaitvideo.ca\/#organization","name":"Arnait Video Productions","url":"https:\/\/arnaitvideo.ca\/","logo":{"@type":"ImageObject","inLanguage":"fr-CA","@id":"https:\/\/arnaitvideo.ca\/#\/schema\/logo\/image\/","url":"https:\/\/arnaitvideo.ca\/wp-content\/uploads\/2022\/04\/Arnait-Video-Productions.jpeg","contentUrl":"https:\/\/arnaitvideo.ca\/wp-content\/uploads\/2022\/04\/Arnait-Video-Productions.jpeg","width":1128,"height":750,"caption":"Arnait Video Productions"},"image":{"@id":"https:\/\/arnaitvideo.ca\/#\/schema\/logo\/image\/"}}]}},"_links":{"self":[{"href":"https:\/\/arnaitvideo.ca\/fr\/wp-json\/wp\/v2\/pages\/864","targetHints":{"allow":["GET"]}}],"collection":[{"href":"https:\/\/arnaitvideo.ca\/fr\/wp-json\/wp\/v2\/pages"}],"about":[{"href":"https:\/\/arnaitvideo.ca\/fr\/wp-json\/wp\/v2\/types\/page"}],"author":[{"embeddable":true,"href":"https:\/\/arnaitvideo.ca\/fr\/wp-json\/wp\/v2\/users\/1"}],"replies":[{"embeddable":true,"href":"https:\/\/arnaitvideo.ca\/fr\/wp-json\/wp\/v2\/comments?post=864"}],"version-history":[{"count":1,"href":"https:\/\/arnaitvideo.ca\/fr\/wp-json\/wp\/v2\/pages\/864\/revisions"}],"predecessor-version":[{"id":865,"href":"https:\/\/arnaitvideo.ca\/fr\/wp-json\/wp\/v2\/pages\/864\/revisions\/865"}],"wp:attachment":[{"href":"https:\/\/arnaitvideo.ca\/fr\/wp-json\/wp\/v2\/media?parent=864"}],"curies":[{"name":"wp","href":"https:\/\/api.w.org\/{rel}","templated":true}]}}