{"id":852,"date":"2022-03-14T16:36:42","date_gmt":"2022-03-14T21:36:42","guid":{"rendered":"https:\/\/arnaitvideo.ca\/archives\/"},"modified":"2022-03-30T11:29:05","modified_gmt":"2022-03-30T16:29:05","slug":"archives","status":"publish","type":"page","link":"https:\/\/arnaitvideo.ca\/fr\/archives\/","title":{"rendered":"Archives"},"content":{"rendered":"<p>&nbsp;<\/p>\n<p><strong>Tuqquqtausimajut: Les Archives Vivantes du Collectif Arnait Video Productions<\/strong><\/p>\n<p><a href=\"http:\/\/db-archives.library.queensu.ca\/index.php\/arnait-video-productions-fonds\" target=\"_blank\" rel=\"noopener\">Les archives de la production vid\u00e9o des femmes d&rsquo;Arnait<\/a> conserv\u00e9es \u00e0 la <strong>Queen&rsquo;s University<\/strong> (Ontario,Canada) contiennent 332 documents audiovisuels sur lesquels sont enregistr\u00e9s 30 ans d&rsquo;histoires, d&rsquo;entretiens, de mat\u00e9riel de production et de documentation, sur la vie des femmes au Nunavut. Dans le cadre du projet <a href=\"https:\/\/counterarchive.ca\/case-studies\/arnait-video-productions-living-archives-and-survivance\" target=\"_blank\" rel=\"noopener\">Archive Counter Archive project<\/a> et en collaboration avec le Vulnerable Media Lab de Queen&rsquo;s, les archives d&rsquo;Arnait, qui sont consid\u00e9r\u00e9es comme une partie importante du patrimoine culturel inuit, sont dans le processus d\u2019\u00eatre num\u00e9ris\u00e9es, traduites, pr\u00e9serv\u00e9es et rendues accessibles aux communaut\u00e9s, aux chercheurs et aux \u00e9tudiants.<\/p>\n<figure id=\"attachment_757\" aria-describedby=\"caption-attachment-757\" style=\"width: 359px\" class=\"wp-caption alignleft\"><img loading=\"lazy\" decoding=\"async\" class=\"wp-image-758\" src=\"https:\/\/arnaitvideo.ca\/wp-content\/uploads\/2022\/03\/Susan-Lord-with-Elders-at-Queen_s-300x178.jpg\" alt=\"\" width=\"359\" height=\"205\" \/><figcaption id=\"caption-attachment-757\" class=\"wp-caption-text\">Susan Lord avec les A\u00een\u00e9es \u00e0 la Queen&rsquo;s University<\/figcaption><\/figure>\n<p>Le mot Tuqquqtausimajut en inuktitut se traduit approximativement par &laquo;les choses qui sont pr\u00e9cieuses&raquo;.<\/p>\n<p>Tuqquqtausimajut englobe la signification de ce que sont des &laquo;archives vivantes&raquo; qui appellent soin et de respect, et incarnent la vie de la communaut\u00e9, des anc\u00eatres et des g\u00e9n\u00e9rations \u00e0 venir. Cette signification est apparue au cours d&rsquo;une r\u00e9union de cinq heures entre les membres d&rsquo;Arnait Video Productions (AVP), du Vulnerable Media Lab (VML) et des archives de l&rsquo;universit\u00e9 Queen&rsquo;s, avec l\u2019accompagnement exceptionnel de l&rsquo;interpr\u00e8te Zipporah Ungalaq. Des valeurs telles que la responsabilit\u00e9 et le respect envers la communaut\u00e9 et les formes de savoir inuits ont \u00e9t\u00e9 mises en avant, ainsi que l&rsquo;\u00e9coute et l&rsquo;apprentissage r\u00e9ciproques.<\/p>\n<figure id=\"attachment_754\" aria-describedby=\"caption-attachment-754\" style=\"width: 296px\" class=\"wp-caption alignright\"><img loading=\"lazy\" decoding=\"async\" class=\"wp-image-755 size-medium\" src=\"https:\/\/arnaitvideo.ca\/wp-content\/uploads\/2022\/03\/Arnait-at-Queen_s-296x300.jpg\" alt=\"\" width=\"296\" height=\"300\" srcset=\"https:\/\/arnaitvideo.ca\/wp-content\/uploads\/2022\/03\/Arnait-at-Queen_s-296x300.jpg 296w, https:\/\/arnaitvideo.ca\/wp-content\/uploads\/2022\/03\/Arnait-at-Queen_s.jpg 686w\" sizes=\"auto, (max-width: 296px) 100vw, 296px\" \/><figcaption id=\"caption-attachment-754\" class=\"wp-caption-text\">Arnait \u00e0 la Queen&rsquo;s University<\/figcaption><\/figure>\n<p>Travaillant dans le cadre des principes du Tuqquqtausimajut dans le maintien d\u2019archives vivantes,<strong> le partenariat entre Arnait et la Queen\u2019s University<\/strong> met en \u0153uvre une relation dynamique. Cette relation circulaire contribue \u00e0 renforcer les capacit\u00e9s de la communaut\u00e9 en mati\u00e8re de langue (inuktitut) et de traduction \u00e0 Igloolik, au Nunavut, par le biais d&rsquo;un processus de traduction communautaire, de narration d&rsquo;histoires et de partage des connaissances interg\u00e9n\u00e9rationnelles. Enfin, l&rsquo;acte de m\u00e9diation culturelle, qui consiste \u00e0 envoyer aux a\u00een\u00e9s l&rsquo;\u0153uvre num\u00e9ris\u00e9e et \u00e0 leur permettre de la commenter, de raconter des histoires et d&rsquo;interagir avec les archives, permet de garder les \u0153uvres vivantes gr\u00e2ce au partage des souvenirs.<\/p>\n","protected":false},"excerpt":{"rendered":"<p>&nbsp; Tuqquqtausimajut: Les Archives Vivantes du Collectif Arnait Video Productions Les archives de la production vid\u00e9o des femmes d&rsquo;Arnait conserv\u00e9es \u00e0 la Queen&rsquo;s University (Ontario,Canada) contiennent 332 documents audiovisuels sur lesquels sont enregistr\u00e9s 30 ans d&rsquo;histoires, d&rsquo;entretiens, de mat\u00e9riel de production et de documentation, sur la vie des femmes au Nunavut. Dans le cadre du [&#8230;]<\/p>\n<p><a class=\"btn btn-secondary understrap-read-more-link\" href=\"https:\/\/arnaitvideo.ca\/fr\/archives\/\">Read More&#8230;<span class=\"screen-reader-text\"> from Archives<\/span><\/a><\/p>\n","protected":false},"author":1,"featured_media":618,"parent":0,"menu_order":0,"comment_status":"closed","ping_status":"closed","template":"page-templates\/texte.php","meta":{"_acf_changed":false,"footnotes":""},"class_list":["post-852","page","type-page","status-publish","has-post-thumbnail","hentry"],"acf":[],"yoast_head":"<!-- This site is optimized with the Yoast SEO plugin v26.5 - https:\/\/yoast.com\/wordpress\/plugins\/seo\/ -->\n<title>Archives - Arnait Video Productions<\/title>\n<meta name=\"description\" content=\"Les archives d\u2019Arnait conserv\u00e9es \u00e0 la Queen\u2019s University contiennent 332 documents audiovisuels sur lesquels sont enregistr\u00e9s 30 ans d\u2019histoires.\" \/>\n<meta name=\"robots\" content=\"index, follow, max-snippet:-1, max-image-preview:large, max-video-preview:-1\" \/>\n<link rel=\"canonical\" href=\"https:\/\/arnaitvideo.ca\/archives\/\" \/>\n<meta property=\"og:locale\" content=\"fr_CA\" \/>\n<meta property=\"og:type\" content=\"article\" \/>\n<meta property=\"og:title\" content=\"Archives - Arnait Video Productions\" \/>\n<meta property=\"og:description\" content=\"Les archives d\u2019Arnait conserv\u00e9es \u00e0 la Queen\u2019s University contiennent 332 documents audiovisuels sur lesquels sont enregistr\u00e9s 30 ans d\u2019histoires.\" \/>\n<meta property=\"og:url\" content=\"https:\/\/arnaitvideo.ca\/archives\/\" \/>\n<meta property=\"og:site_name\" content=\"Arnait Video Productions\" \/>\n<meta property=\"article:modified_time\" content=\"2022-03-30T16:29:05+00:00\" \/>\n<meta property=\"og:image\" content=\"https:\/\/arnaitvideo.ca\/wp-content\/uploads\/2022\/03\/arnait-video-productions-archives-hero.jpg\" \/>\n\t<meta property=\"og:image:width\" content=\"1120\" \/>\n\t<meta property=\"og:image:height\" content=\"200\" \/>\n\t<meta property=\"og:image:type\" content=\"image\/jpeg\" \/>\n<meta name=\"twitter:card\" content=\"summary_large_image\" \/>\n<meta name=\"twitter:label1\" content=\"Estimation du temps de lecture\" \/>\n\t<meta name=\"twitter:data1\" content=\"2 minutes\" \/>\n<script type=\"application\/ld+json\" class=\"yoast-schema-graph\">{\"@context\":\"https:\/\/schema.org\",\"@graph\":[{\"@type\":\"WebPage\",\"@id\":\"https:\/\/arnaitvideo.ca\/archives\/\",\"url\":\"https:\/\/arnaitvideo.ca\/archives\/\",\"name\":\"Archives - Arnait Video Productions\",\"isPartOf\":{\"@id\":\"https:\/\/arnaitvideo.ca\/#website\"},\"primaryImageOfPage\":{\"@id\":\"https:\/\/arnaitvideo.ca\/archives\/#primaryimage\"},\"image\":{\"@id\":\"https:\/\/arnaitvideo.ca\/archives\/#primaryimage\"},\"thumbnailUrl\":\"https:\/\/arnaitvideo.ca\/wp-content\/uploads\/2022\/03\/arnait-video-productions-archives-hero.jpg\",\"datePublished\":\"2022-03-14T21:36:42+00:00\",\"dateModified\":\"2022-03-30T16:29:05+00:00\",\"description\":\"Les archives d\u2019Arnait conserv\u00e9es \u00e0 la Queen\u2019s University contiennent 332 documents audiovisuels sur lesquels sont enregistr\u00e9s 30 ans d\u2019histoires.\",\"inLanguage\":\"fr-CA\",\"potentialAction\":[{\"@type\":\"ReadAction\",\"target\":[\"https:\/\/arnaitvideo.ca\/archives\/\"]}]},{\"@type\":\"ImageObject\",\"inLanguage\":\"fr-CA\",\"@id\":\"https:\/\/arnaitvideo.ca\/archives\/#primaryimage\",\"url\":\"https:\/\/arnaitvideo.ca\/wp-content\/uploads\/2022\/03\/arnait-video-productions-archives-hero.jpg\",\"contentUrl\":\"https:\/\/arnaitvideo.ca\/wp-content\/uploads\/2022\/03\/arnait-video-productions-archives-hero.jpg\",\"width\":1120,\"height\":200},{\"@type\":\"WebSite\",\"@id\":\"https:\/\/arnaitvideo.ca\/#website\",\"url\":\"https:\/\/arnaitvideo.ca\/\",\"name\":\"Arnait Video Productions\",\"description\":\"Voicing a Unique Canadian View\",\"publisher\":{\"@id\":\"https:\/\/arnaitvideo.ca\/#organization\"},\"potentialAction\":[{\"@type\":\"SearchAction\",\"target\":{\"@type\":\"EntryPoint\",\"urlTemplate\":\"https:\/\/arnaitvideo.ca\/?s={search_term_string}\"},\"query-input\":{\"@type\":\"PropertyValueSpecification\",\"valueRequired\":true,\"valueName\":\"search_term_string\"}}],\"inLanguage\":\"fr-CA\"},{\"@type\":\"Organization\",\"@id\":\"https:\/\/arnaitvideo.ca\/#organization\",\"name\":\"Arnait Video Productions\",\"url\":\"https:\/\/arnaitvideo.ca\/\",\"logo\":{\"@type\":\"ImageObject\",\"inLanguage\":\"fr-CA\",\"@id\":\"https:\/\/arnaitvideo.ca\/#\/schema\/logo\/image\/\",\"url\":\"https:\/\/arnaitvideo.ca\/wp-content\/uploads\/2022\/04\/Arnait-Video-Productions.jpeg\",\"contentUrl\":\"https:\/\/arnaitvideo.ca\/wp-content\/uploads\/2022\/04\/Arnait-Video-Productions.jpeg\",\"width\":1128,\"height\":750,\"caption\":\"Arnait Video Productions\"},\"image\":{\"@id\":\"https:\/\/arnaitvideo.ca\/#\/schema\/logo\/image\/\"}}]}<\/script>\n<!-- \/ Yoast SEO plugin. -->","yoast_head_json":{"title":"Archives - Arnait Video Productions","description":"Les archives d\u2019Arnait conserv\u00e9es \u00e0 la Queen\u2019s University contiennent 332 documents audiovisuels sur lesquels sont enregistr\u00e9s 30 ans d\u2019histoires.","robots":{"index":"index","follow":"follow","max-snippet":"max-snippet:-1","max-image-preview":"max-image-preview:large","max-video-preview":"max-video-preview:-1"},"canonical":"https:\/\/arnaitvideo.ca\/archives\/","og_locale":"fr_CA","og_type":"article","og_title":"Archives - Arnait Video Productions","og_description":"Les archives d\u2019Arnait conserv\u00e9es \u00e0 la Queen\u2019s University contiennent 332 documents audiovisuels sur lesquels sont enregistr\u00e9s 30 ans d\u2019histoires.","og_url":"https:\/\/arnaitvideo.ca\/archives\/","og_site_name":"Arnait Video Productions","article_modified_time":"2022-03-30T16:29:05+00:00","og_image":[{"width":1120,"height":200,"url":"https:\/\/arnaitvideo.ca\/wp-content\/uploads\/2022\/03\/arnait-video-productions-archives-hero.jpg","type":"image\/jpeg"}],"twitter_card":"summary_large_image","twitter_misc":{"Estimation du temps de lecture":"2 minutes"},"schema":{"@context":"https:\/\/schema.org","@graph":[{"@type":"WebPage","@id":"https:\/\/arnaitvideo.ca\/archives\/","url":"https:\/\/arnaitvideo.ca\/archives\/","name":"Archives - Arnait Video Productions","isPartOf":{"@id":"https:\/\/arnaitvideo.ca\/#website"},"primaryImageOfPage":{"@id":"https:\/\/arnaitvideo.ca\/archives\/#primaryimage"},"image":{"@id":"https:\/\/arnaitvideo.ca\/archives\/#primaryimage"},"thumbnailUrl":"https:\/\/arnaitvideo.ca\/wp-content\/uploads\/2022\/03\/arnait-video-productions-archives-hero.jpg","datePublished":"2022-03-14T21:36:42+00:00","dateModified":"2022-03-30T16:29:05+00:00","description":"Les archives d\u2019Arnait conserv\u00e9es \u00e0 la Queen\u2019s University contiennent 332 documents audiovisuels sur lesquels sont enregistr\u00e9s 30 ans d\u2019histoires.","inLanguage":"fr-CA","potentialAction":[{"@type":"ReadAction","target":["https:\/\/arnaitvideo.ca\/archives\/"]}]},{"@type":"ImageObject","inLanguage":"fr-CA","@id":"https:\/\/arnaitvideo.ca\/archives\/#primaryimage","url":"https:\/\/arnaitvideo.ca\/wp-content\/uploads\/2022\/03\/arnait-video-productions-archives-hero.jpg","contentUrl":"https:\/\/arnaitvideo.ca\/wp-content\/uploads\/2022\/03\/arnait-video-productions-archives-hero.jpg","width":1120,"height":200},{"@type":"WebSite","@id":"https:\/\/arnaitvideo.ca\/#website","url":"https:\/\/arnaitvideo.ca\/","name":"Arnait Video Productions","description":"Voicing a Unique Canadian View","publisher":{"@id":"https:\/\/arnaitvideo.ca\/#organization"},"potentialAction":[{"@type":"SearchAction","target":{"@type":"EntryPoint","urlTemplate":"https:\/\/arnaitvideo.ca\/?s={search_term_string}"},"query-input":{"@type":"PropertyValueSpecification","valueRequired":true,"valueName":"search_term_string"}}],"inLanguage":"fr-CA"},{"@type":"Organization","@id":"https:\/\/arnaitvideo.ca\/#organization","name":"Arnait Video Productions","url":"https:\/\/arnaitvideo.ca\/","logo":{"@type":"ImageObject","inLanguage":"fr-CA","@id":"https:\/\/arnaitvideo.ca\/#\/schema\/logo\/image\/","url":"https:\/\/arnaitvideo.ca\/wp-content\/uploads\/2022\/04\/Arnait-Video-Productions.jpeg","contentUrl":"https:\/\/arnaitvideo.ca\/wp-content\/uploads\/2022\/04\/Arnait-Video-Productions.jpeg","width":1128,"height":750,"caption":"Arnait Video Productions"},"image":{"@id":"https:\/\/arnaitvideo.ca\/#\/schema\/logo\/image\/"}}]}},"_links":{"self":[{"href":"https:\/\/arnaitvideo.ca\/fr\/wp-json\/wp\/v2\/pages\/852","targetHints":{"allow":["GET"]}}],"collection":[{"href":"https:\/\/arnaitvideo.ca\/fr\/wp-json\/wp\/v2\/pages"}],"about":[{"href":"https:\/\/arnaitvideo.ca\/fr\/wp-json\/wp\/v2\/types\/page"}],"author":[{"embeddable":true,"href":"https:\/\/arnaitvideo.ca\/fr\/wp-json\/wp\/v2\/users\/1"}],"replies":[{"embeddable":true,"href":"https:\/\/arnaitvideo.ca\/fr\/wp-json\/wp\/v2\/comments?post=852"}],"version-history":[{"count":6,"href":"https:\/\/arnaitvideo.ca\/fr\/wp-json\/wp\/v2\/pages\/852\/revisions"}],"predecessor-version":[{"id":1038,"href":"https:\/\/arnaitvideo.ca\/fr\/wp-json\/wp\/v2\/pages\/852\/revisions\/1038"}],"wp:featuredmedia":[{"embeddable":true,"href":"https:\/\/arnaitvideo.ca\/fr\/wp-json\/wp\/v2\/media\/618"}],"wp:attachment":[{"href":"https:\/\/arnaitvideo.ca\/fr\/wp-json\/wp\/v2\/media?parent=852"}],"curies":[{"name":"wp","href":"https:\/\/api.w.org\/{rel}","templated":true}]}}