{"id":831,"date":"2022-01-28T14:25:20","date_gmt":"2022-01-28T19:25:20","guid":{"rendered":"https:\/\/arnaitvideo.ca\/contact\/"},"modified":"2024-01-08T14:14:01","modified_gmt":"2024-01-08T19:14:01","slug":"nous-joindre","status":"publish","type":"page","link":"https:\/\/arnaitvideo.ca\/fr\/nous-joindre\/","title":{"rendered":"Nous joindre"},"content":{"rendered":"<h2>G\u00e9n\u00e9ral<\/h2>\n<table>\n<tbody>\n<tr>\n<td style=\"width: 25%; padding: 0 15px; vertical-align: top;\"><strong>BUREAU DE MONTR\u00c9AL<\/strong><br \/>\n5890, Ave Monkland<br \/>\nSuite 16<br \/>\nBo\u00eete postale 211<br \/>\nMontr\u00e9al, Qu\u00e9bec<br \/>\nH4A\u00a01G2<br \/>\n<a href=\"mailto:info@arnaitvideo.ca\" target=\"_blank\" rel=\"noopener\">info@arnaitvideo.ca<\/a><\/td>\n<td style=\"width: 75%; padding: 0 15px; vertical-align: top;\"><strong>BUREAU D&rsquo;IGLOOLIK<\/strong><br \/>\nBo\u00eete postale 223<br \/>\nIgloolik, Nunavut<br \/>\nX0A\u00a00L0<br \/>\nCanada<\/td>\n<\/tr>\n<\/tbody>\n<\/table>\n<p>&nbsp;<\/p>\n<h2>Distribution<\/h2>\n<p><strong>V TAPE<\/strong><br \/>\n401 Richmond Street West, Suite 452<br \/>\nToronto, Ontario<br \/>\nM5V 3A8<br \/>\nCanada<br \/>\nT\u00e9l: <a href=\"tel:+14163511317\">+1\u00a0416\u00a0351-1317<\/a><br \/>\n<a href=\"mailto:info@vtape.org\" target=\"_blank\" rel=\"noopener\">info@vtape.org<\/a><\/p>\n","protected":false},"excerpt":{"rendered":"<p>G\u00e9n\u00e9ral BUREAU DE MONTR\u00c9AL 5890, Ave Monkland Suite 16 Bo\u00eete postale 211 Montr\u00e9al, Qu\u00e9bec H4A\u00a01G2 info@arnaitvideo.ca BUREAU D&rsquo;IGLOOLIK Bo\u00eete postale 223 Igloolik, Nunavut X0A\u00a00L0 Canada &nbsp; Distribution V TAPE 401 Richmond Street West, Suite 452 Toronto, Ontario M5V 3A8 Canada T\u00e9l: +1\u00a0416\u00a0351-1317 info@vtape.org [&#8230;]<\/p>\n<p><a class=\"btn btn-secondary understrap-read-more-link\" href=\"https:\/\/arnaitvideo.ca\/fr\/nous-joindre\/\">Read More&#8230;<span class=\"screen-reader-text\"> from Nous joindre<\/span><\/a><\/p>\n","protected":false},"author":1,"featured_media":209,"parent":0,"menu_order":0,"comment_status":"closed","ping_status":"closed","template":"page-templates\/contact.php","meta":{"_acf_changed":false,"footnotes":""},"class_list":["post-831","page","type-page","status-publish","has-post-thumbnail","hentry"],"acf":[],"yoast_head":"<!-- This site is optimized with the Yoast SEO plugin v26.5 - https:\/\/yoast.com\/wordpress\/plugins\/seo\/ -->\n<title>Nous joindre - Arnait Video Productions<\/title>\n<meta name=\"description\" content=\"Communiquez avec nous pour plus d&#039;informations. Veuillez appeler Vtape pour discuter de la distribution.\" \/>\n<meta name=\"robots\" content=\"index, follow, max-snippet:-1, max-image-preview:large, max-video-preview:-1\" \/>\n<link rel=\"canonical\" href=\"https:\/\/arnaitvideo.ca\/contact\/\" \/>\n<meta property=\"og:locale\" content=\"fr_CA\" \/>\n<meta property=\"og:type\" content=\"article\" \/>\n<meta property=\"og:title\" content=\"Nous joindre - Arnait Video Productions\" \/>\n<meta property=\"og:description\" content=\"Communiquez avec nous pour plus d&#039;informations. Veuillez appeler Vtape pour discuter de la distribution.\" \/>\n<meta property=\"og:url\" content=\"https:\/\/arnaitvideo.ca\/contact\/\" \/>\n<meta property=\"og:site_name\" content=\"Arnait Video Productions\" \/>\n<meta property=\"article:modified_time\" content=\"2024-01-08T19:14:01+00:00\" \/>\n<meta property=\"og:image\" content=\"https:\/\/arnaitvideo.ca\/wp-content\/uploads\/2022\/03\/arnait-video-productions-honnors-hero.jpg\" \/>\n\t<meta property=\"og:image:width\" content=\"1120\" \/>\n\t<meta property=\"og:image:height\" content=\"200\" \/>\n\t<meta property=\"og:image:type\" content=\"image\/jpeg\" \/>\n<meta name=\"twitter:card\" content=\"summary_large_image\" \/>\n<meta name=\"twitter:label1\" content=\"Estimation du temps de lecture\" \/>\n\t<meta name=\"twitter:data1\" content=\"1 minute\" \/>\n<script type=\"application\/ld+json\" class=\"yoast-schema-graph\">{\"@context\":\"https:\/\/schema.org\",\"@graph\":[{\"@type\":\"WebPage\",\"@id\":\"https:\/\/arnaitvideo.ca\/contact\/\",\"url\":\"https:\/\/arnaitvideo.ca\/contact\/\",\"name\":\"Nous joindre - Arnait Video Productions\",\"isPartOf\":{\"@id\":\"https:\/\/arnaitvideo.ca\/#website\"},\"primaryImageOfPage\":{\"@id\":\"https:\/\/arnaitvideo.ca\/contact\/#primaryimage\"},\"image\":{\"@id\":\"https:\/\/arnaitvideo.ca\/contact\/#primaryimage\"},\"thumbnailUrl\":\"https:\/\/arnaitvideo.ca\/wp-content\/uploads\/2022\/03\/arnait-video-productions-honnors-hero.jpg\",\"datePublished\":\"2022-01-28T19:25:20+00:00\",\"dateModified\":\"2024-01-08T19:14:01+00:00\",\"description\":\"Communiquez avec nous pour plus d'informations. Veuillez appeler Vtape pour discuter de la distribution.\",\"inLanguage\":\"fr-CA\",\"potentialAction\":[{\"@type\":\"ReadAction\",\"target\":[\"https:\/\/arnaitvideo.ca\/contact\/\"]}]},{\"@type\":\"ImageObject\",\"inLanguage\":\"fr-CA\",\"@id\":\"https:\/\/arnaitvideo.ca\/contact\/#primaryimage\",\"url\":\"https:\/\/arnaitvideo.ca\/wp-content\/uploads\/2022\/03\/arnait-video-productions-honnors-hero.jpg\",\"contentUrl\":\"https:\/\/arnaitvideo.ca\/wp-content\/uploads\/2022\/03\/arnait-video-productions-honnors-hero.jpg\",\"width\":1120,\"height\":200},{\"@type\":\"WebSite\",\"@id\":\"https:\/\/arnaitvideo.ca\/#website\",\"url\":\"https:\/\/arnaitvideo.ca\/\",\"name\":\"Arnait Video Productions\",\"description\":\"Voicing a Unique Canadian View\",\"publisher\":{\"@id\":\"https:\/\/arnaitvideo.ca\/#organization\"},\"potentialAction\":[{\"@type\":\"SearchAction\",\"target\":{\"@type\":\"EntryPoint\",\"urlTemplate\":\"https:\/\/arnaitvideo.ca\/?s={search_term_string}\"},\"query-input\":{\"@type\":\"PropertyValueSpecification\",\"valueRequired\":true,\"valueName\":\"search_term_string\"}}],\"inLanguage\":\"fr-CA\"},{\"@type\":\"Organization\",\"@id\":\"https:\/\/arnaitvideo.ca\/#organization\",\"name\":\"Arnait Video Productions\",\"url\":\"https:\/\/arnaitvideo.ca\/\",\"logo\":{\"@type\":\"ImageObject\",\"inLanguage\":\"fr-CA\",\"@id\":\"https:\/\/arnaitvideo.ca\/#\/schema\/logo\/image\/\",\"url\":\"https:\/\/arnaitvideo.ca\/wp-content\/uploads\/2022\/04\/Arnait-Video-Productions.jpeg\",\"contentUrl\":\"https:\/\/arnaitvideo.ca\/wp-content\/uploads\/2022\/04\/Arnait-Video-Productions.jpeg\",\"width\":1128,\"height\":750,\"caption\":\"Arnait Video Productions\"},\"image\":{\"@id\":\"https:\/\/arnaitvideo.ca\/#\/schema\/logo\/image\/\"}}]}<\/script>\n<!-- \/ Yoast SEO plugin. -->","yoast_head_json":{"title":"Nous joindre - Arnait Video Productions","description":"Communiquez avec nous pour plus d'informations. Veuillez appeler Vtape pour discuter de la distribution.","robots":{"index":"index","follow":"follow","max-snippet":"max-snippet:-1","max-image-preview":"max-image-preview:large","max-video-preview":"max-video-preview:-1"},"canonical":"https:\/\/arnaitvideo.ca\/contact\/","og_locale":"fr_CA","og_type":"article","og_title":"Nous joindre - Arnait Video Productions","og_description":"Communiquez avec nous pour plus d'informations. Veuillez appeler Vtape pour discuter de la distribution.","og_url":"https:\/\/arnaitvideo.ca\/contact\/","og_site_name":"Arnait Video Productions","article_modified_time":"2024-01-08T19:14:01+00:00","og_image":[{"width":1120,"height":200,"url":"https:\/\/arnaitvideo.ca\/wp-content\/uploads\/2022\/03\/arnait-video-productions-honnors-hero.jpg","type":"image\/jpeg"}],"twitter_card":"summary_large_image","twitter_misc":{"Estimation du temps de lecture":"1 minute"},"schema":{"@context":"https:\/\/schema.org","@graph":[{"@type":"WebPage","@id":"https:\/\/arnaitvideo.ca\/contact\/","url":"https:\/\/arnaitvideo.ca\/contact\/","name":"Nous joindre - Arnait Video Productions","isPartOf":{"@id":"https:\/\/arnaitvideo.ca\/#website"},"primaryImageOfPage":{"@id":"https:\/\/arnaitvideo.ca\/contact\/#primaryimage"},"image":{"@id":"https:\/\/arnaitvideo.ca\/contact\/#primaryimage"},"thumbnailUrl":"https:\/\/arnaitvideo.ca\/wp-content\/uploads\/2022\/03\/arnait-video-productions-honnors-hero.jpg","datePublished":"2022-01-28T19:25:20+00:00","dateModified":"2024-01-08T19:14:01+00:00","description":"Communiquez avec nous pour plus d'informations. Veuillez appeler Vtape pour discuter de la distribution.","inLanguage":"fr-CA","potentialAction":[{"@type":"ReadAction","target":["https:\/\/arnaitvideo.ca\/contact\/"]}]},{"@type":"ImageObject","inLanguage":"fr-CA","@id":"https:\/\/arnaitvideo.ca\/contact\/#primaryimage","url":"https:\/\/arnaitvideo.ca\/wp-content\/uploads\/2022\/03\/arnait-video-productions-honnors-hero.jpg","contentUrl":"https:\/\/arnaitvideo.ca\/wp-content\/uploads\/2022\/03\/arnait-video-productions-honnors-hero.jpg","width":1120,"height":200},{"@type":"WebSite","@id":"https:\/\/arnaitvideo.ca\/#website","url":"https:\/\/arnaitvideo.ca\/","name":"Arnait Video Productions","description":"Voicing a Unique Canadian View","publisher":{"@id":"https:\/\/arnaitvideo.ca\/#organization"},"potentialAction":[{"@type":"SearchAction","target":{"@type":"EntryPoint","urlTemplate":"https:\/\/arnaitvideo.ca\/?s={search_term_string}"},"query-input":{"@type":"PropertyValueSpecification","valueRequired":true,"valueName":"search_term_string"}}],"inLanguage":"fr-CA"},{"@type":"Organization","@id":"https:\/\/arnaitvideo.ca\/#organization","name":"Arnait Video Productions","url":"https:\/\/arnaitvideo.ca\/","logo":{"@type":"ImageObject","inLanguage":"fr-CA","@id":"https:\/\/arnaitvideo.ca\/#\/schema\/logo\/image\/","url":"https:\/\/arnaitvideo.ca\/wp-content\/uploads\/2022\/04\/Arnait-Video-Productions.jpeg","contentUrl":"https:\/\/arnaitvideo.ca\/wp-content\/uploads\/2022\/04\/Arnait-Video-Productions.jpeg","width":1128,"height":750,"caption":"Arnait Video Productions"},"image":{"@id":"https:\/\/arnaitvideo.ca\/#\/schema\/logo\/image\/"}}]}},"_links":{"self":[{"href":"https:\/\/arnaitvideo.ca\/fr\/wp-json\/wp\/v2\/pages\/831","targetHints":{"allow":["GET"]}}],"collection":[{"href":"https:\/\/arnaitvideo.ca\/fr\/wp-json\/wp\/v2\/pages"}],"about":[{"href":"https:\/\/arnaitvideo.ca\/fr\/wp-json\/wp\/v2\/types\/page"}],"author":[{"embeddable":true,"href":"https:\/\/arnaitvideo.ca\/fr\/wp-json\/wp\/v2\/users\/1"}],"replies":[{"embeddable":true,"href":"https:\/\/arnaitvideo.ca\/fr\/wp-json\/wp\/v2\/comments?post=831"}],"version-history":[{"count":5,"href":"https:\/\/arnaitvideo.ca\/fr\/wp-json\/wp\/v2\/pages\/831\/revisions"}],"predecessor-version":[{"id":1277,"href":"https:\/\/arnaitvideo.ca\/fr\/wp-json\/wp\/v2\/pages\/831\/revisions\/1277"}],"wp:featuredmedia":[{"embeddable":true,"href":"https:\/\/arnaitvideo.ca\/fr\/wp-json\/wp\/v2\/media\/209"}],"wp:attachment":[{"href":"https:\/\/arnaitvideo.ca\/fr\/wp-json\/wp\/v2\/media?parent=831"}],"curies":[{"name":"wp","href":"https:\/\/api.w.org\/{rel}","templated":true}]}}