{"id":818,"date":"2022-01-28T14:25:20","date_gmt":"2022-01-28T19:25:20","guid":{"rendered":"https:\/\/arnaitvideo.ca\/about-us\/"},"modified":"2022-03-30T11:41:57","modified_gmt":"2022-03-30T16:41:57","slug":"le-collectif","status":"publish","type":"page","link":"https:\/\/arnaitvideo.ca\/fr\/le-collectif\/","title":{"rendered":"Le collectif"},"content":{"rendered":"<h2 class=\"wsite-content-title\" style=\"text-align: left;\">Arnait Video Productions: une voix unique au Canada<\/h2>\n<p>L\u2019objectif du collectif Arnait Video Productions est de valoriser la culture unique des femmes d\u2019Igloolik, et des femmes inuites en g\u00e9n\u00e9ral, en favorisant des discussions avec les Canadiens et les Canadiennes de toutes origines.<\/p>\n<p>Depuis la cr\u00e9ation du groupe en 1991, Arnait Video Productions a suivi une trajectoire qui r\u00e9v\u00e8le l\u2019originalit\u00e9 de ses productrices, le contexte de leur travail et de leur vie, et leur d\u00e9sir profond d\u2019exprimer des valeurs culturelles uniques au Canada.<\/p>\n<p>Travaillant souvent dans des conditions sociales pr\u00e9caires, l\u2019endurance requise de la part des femmes du groupe pour produire ces vid\u00e9os t\u00e9moigne de l\u2019importance du projet dans leur vie.<\/p>\n<p>Les premi\u00e8res \u0153uvres du groupe sont ancr\u00e9es dans la tradition orale inuite. Sous la forme d\u2019entrevues (Women\/Health\/Body et Itivimiut) ou de courtes vid\u00e9os qui mettent en sc\u00e8ne des activit\u00e9s traditionnelles (Qulliq, Attagutaaluk Starvation, Piujuq and Angutautuq), les vid\u00e9os produites c\u00e9l\u00e8brent la sp\u00e9cificit\u00e9 des femmes d\u2019Igloolik.<\/p>\n<p>Arnait Video Productions a produit des oeuvres documentaires et des fictions. Le premier long-m\u00e9trage de fiction, Before Tomorrow (Le jour avant le lendemain), a gagn\u00e9 le prix du Meilleur Premier film canadien au Festival international de films de Toronto en 2008 et a \u00e9t\u00e9 s\u00e9lectionn\u00e9 dans la comp\u00e9tition internationale du Festival de Sundance en 2009. Le documentaire SOL a remport\u00e9 le Prix du meilleur long m\u00e9trage documentaire canadien en 2016. Entre 2017 et 2019, Arnait Video a produit un film pour enfants, Tia and Piujuq, r\u00e9alis\u00e9 par Lucy Uyarak Tulugarjuk et co-produit un long m\u00e9trage de fiction \u00e0 Kuujjuaq, Restless River, r\u00e9alis\u00e9 par Marie-H\u00e9l\u00e8ne Cousineau et Madeline Ivalu.<\/p>\n<p>Les productions de Arnait Video sont l\u2019expression de recherches dans les styles de narration inuite, traditionnelle et contemporaine. Les histoires que nous racontons sont influenc\u00e9es par les innovations stylistiques et par l\u2019appropriation des outils vid\u00e9ographiques par les productrices inuites.<\/p>\n<p>L\u2019utilisation du docudrame, de la mise en situation, et les mises en place de processus de collaboration permettent d\u2019explorer des th\u00e8mes importants en donnant la parole \u00e0 plusieurs g\u00e9n\u00e9rations d\u2019Inuits : les Ain\u00e9(e)s, qui connaissent les traditions ancestrales de la r\u00e9gion d\u2019Igloolik, les adultes qui partagent le monde traditionnel et le monde moderne apport\u00e9 par la culture du Sud et les jeunes, \u00e0 qui l\u2019on a d\u2019abord enseign\u00e9 la culture des Qallunaat (des Hommes blancs) avant de leur enseigner la culture de leurs grands-parents.<\/p>\n<p>C\u2019est en alternant entrevues et portions sc\u00e9naris\u00e9es et en mixant les approches, que nous abordons les sujets qui nous importent et que nous voulons explorer.<\/p>\n<p>L\u2019originalit\u00e9 du travail d\u2019Arnait Video Productions provient des efforts marqu\u00e9s pour cr\u00e9er des processus de production qui sont en harmonie avec la vie des femmes impliqu\u00e9es dans chaque projet. Nos valeurs de production refl\u00e8tent les valeurs culturelles des participantes; le respect pour les \u00e9v\u00e9nements communautaires, pour les Ain\u00e9s, pour les saisons de chasse et de p\u00eache, pour des traditions de type familial. Ainsi, nous travaillons fr\u00e9quemment en \u00e9quipe pour \u00e9crire, pour fabriquer les costumes et les accessoires, et pour oeuvrer avec les acteurs.<\/p>\n","protected":false},"excerpt":{"rendered":"<p>Arnait Video Productions: une voix unique au Canada L\u2019objectif du collectif Arnait Video Productions est de valoriser la culture unique des femmes d\u2019Igloolik, et des femmes inuites en g\u00e9n\u00e9ral, en favorisant des discussions avec les Canadiens et les Canadiennes de toutes origines. Depuis la cr\u00e9ation du groupe en 1991, Arnait Video Productions a suivi une [&#8230;]<\/p>\n<p><a class=\"btn btn-secondary understrap-read-more-link\" href=\"https:\/\/arnaitvideo.ca\/fr\/le-collectif\/\">Read More&#8230;<span class=\"screen-reader-text\"> from Le collectif<\/span><\/a><\/p>\n","protected":false},"author":1,"featured_media":204,"parent":0,"menu_order":0,"comment_status":"closed","ping_status":"closed","template":"page-templates\/texte.php","meta":{"_acf_changed":false,"footnotes":""},"class_list":["post-818","page","type-page","status-publish","has-post-thumbnail","hentry"],"acf":[],"yoast_head":"<!-- This site is optimized with the Yoast SEO plugin v26.5 - https:\/\/yoast.com\/wordpress\/plugins\/seo\/ -->\n<title>Le collectif - Arnait Video Productions<\/title>\n<meta name=\"description\" content=\"Valoriser la culture unique des femmes d\u2019Igloolik, et des femmes inuites en g\u00e9n\u00e9ral, en favorisant des discussions avec les Canadiens et les Canadiennes de toutes origines.\" \/>\n<meta name=\"robots\" content=\"index, follow, max-snippet:-1, max-image-preview:large, max-video-preview:-1\" \/>\n<link rel=\"canonical\" href=\"https:\/\/arnaitvideo.ca\/about-us\/\" \/>\n<meta property=\"og:locale\" content=\"fr_CA\" \/>\n<meta property=\"og:type\" content=\"article\" \/>\n<meta property=\"og:title\" content=\"Le collectif - Arnait Video Productions\" \/>\n<meta property=\"og:description\" content=\"Valoriser la culture unique des femmes d\u2019Igloolik, et des femmes inuites en g\u00e9n\u00e9ral, en favorisant des discussions avec les Canadiens et les Canadiennes de toutes origines.\" \/>\n<meta property=\"og:url\" content=\"https:\/\/arnaitvideo.ca\/about-us\/\" \/>\n<meta property=\"og:site_name\" content=\"Arnait Video Productions\" \/>\n<meta property=\"article:modified_time\" content=\"2022-03-30T16:41:57+00:00\" \/>\n<meta property=\"og:image\" content=\"https:\/\/arnaitvideo.ca\/wp-content\/uploads\/2022\/03\/arnait-video-productions-about-hero.jpg\" \/>\n\t<meta property=\"og:image:width\" content=\"1120\" \/>\n\t<meta property=\"og:image:height\" content=\"200\" \/>\n\t<meta property=\"og:image:type\" content=\"image\/jpeg\" \/>\n<meta name=\"twitter:card\" content=\"summary_large_image\" \/>\n<meta name=\"twitter:label1\" content=\"Estimation du temps de lecture\" \/>\n\t<meta name=\"twitter:data1\" content=\"3 minutes\" \/>\n<script type=\"application\/ld+json\" class=\"yoast-schema-graph\">{\"@context\":\"https:\/\/schema.org\",\"@graph\":[{\"@type\":\"WebPage\",\"@id\":\"https:\/\/arnaitvideo.ca\/about-us\/\",\"url\":\"https:\/\/arnaitvideo.ca\/about-us\/\",\"name\":\"Le collectif - Arnait Video Productions\",\"isPartOf\":{\"@id\":\"https:\/\/arnaitvideo.ca\/#website\"},\"primaryImageOfPage\":{\"@id\":\"https:\/\/arnaitvideo.ca\/about-us\/#primaryimage\"},\"image\":{\"@id\":\"https:\/\/arnaitvideo.ca\/about-us\/#primaryimage\"},\"thumbnailUrl\":\"https:\/\/arnaitvideo.ca\/wp-content\/uploads\/2022\/03\/arnait-video-productions-about-hero.jpg\",\"datePublished\":\"2022-01-28T19:25:20+00:00\",\"dateModified\":\"2022-03-30T16:41:57+00:00\",\"description\":\"Valoriser la culture unique des femmes d\u2019Igloolik, et des femmes inuites en g\u00e9n\u00e9ral, en favorisant des discussions avec les Canadiens et les Canadiennes de toutes origines.\",\"inLanguage\":\"fr-CA\",\"potentialAction\":[{\"@type\":\"ReadAction\",\"target\":[\"https:\/\/arnaitvideo.ca\/about-us\/\"]}]},{\"@type\":\"ImageObject\",\"inLanguage\":\"fr-CA\",\"@id\":\"https:\/\/arnaitvideo.ca\/about-us\/#primaryimage\",\"url\":\"https:\/\/arnaitvideo.ca\/wp-content\/uploads\/2022\/03\/arnait-video-productions-about-hero.jpg\",\"contentUrl\":\"https:\/\/arnaitvideo.ca\/wp-content\/uploads\/2022\/03\/arnait-video-productions-about-hero.jpg\",\"width\":1120,\"height\":200},{\"@type\":\"WebSite\",\"@id\":\"https:\/\/arnaitvideo.ca\/#website\",\"url\":\"https:\/\/arnaitvideo.ca\/\",\"name\":\"Arnait Video Productions\",\"description\":\"Voicing a Unique Canadian View\",\"publisher\":{\"@id\":\"https:\/\/arnaitvideo.ca\/#organization\"},\"potentialAction\":[{\"@type\":\"SearchAction\",\"target\":{\"@type\":\"EntryPoint\",\"urlTemplate\":\"https:\/\/arnaitvideo.ca\/?s={search_term_string}\"},\"query-input\":{\"@type\":\"PropertyValueSpecification\",\"valueRequired\":true,\"valueName\":\"search_term_string\"}}],\"inLanguage\":\"fr-CA\"},{\"@type\":\"Organization\",\"@id\":\"https:\/\/arnaitvideo.ca\/#organization\",\"name\":\"Arnait Video Productions\",\"url\":\"https:\/\/arnaitvideo.ca\/\",\"logo\":{\"@type\":\"ImageObject\",\"inLanguage\":\"fr-CA\",\"@id\":\"https:\/\/arnaitvideo.ca\/#\/schema\/logo\/image\/\",\"url\":\"https:\/\/arnaitvideo.ca\/wp-content\/uploads\/2022\/04\/Arnait-Video-Productions.jpeg\",\"contentUrl\":\"https:\/\/arnaitvideo.ca\/wp-content\/uploads\/2022\/04\/Arnait-Video-Productions.jpeg\",\"width\":1128,\"height\":750,\"caption\":\"Arnait Video Productions\"},\"image\":{\"@id\":\"https:\/\/arnaitvideo.ca\/#\/schema\/logo\/image\/\"}}]}<\/script>\n<!-- \/ Yoast SEO plugin. -->","yoast_head_json":{"title":"Le collectif - Arnait Video Productions","description":"Valoriser la culture unique des femmes d\u2019Igloolik, et des femmes inuites en g\u00e9n\u00e9ral, en favorisant des discussions avec les Canadiens et les Canadiennes de toutes origines.","robots":{"index":"index","follow":"follow","max-snippet":"max-snippet:-1","max-image-preview":"max-image-preview:large","max-video-preview":"max-video-preview:-1"},"canonical":"https:\/\/arnaitvideo.ca\/about-us\/","og_locale":"fr_CA","og_type":"article","og_title":"Le collectif - Arnait Video Productions","og_description":"Valoriser la culture unique des femmes d\u2019Igloolik, et des femmes inuites en g\u00e9n\u00e9ral, en favorisant des discussions avec les Canadiens et les Canadiennes de toutes origines.","og_url":"https:\/\/arnaitvideo.ca\/about-us\/","og_site_name":"Arnait Video Productions","article_modified_time":"2022-03-30T16:41:57+00:00","og_image":[{"width":1120,"height":200,"url":"https:\/\/arnaitvideo.ca\/wp-content\/uploads\/2022\/03\/arnait-video-productions-about-hero.jpg","type":"image\/jpeg"}],"twitter_card":"summary_large_image","twitter_misc":{"Estimation du temps de lecture":"3 minutes"},"schema":{"@context":"https:\/\/schema.org","@graph":[{"@type":"WebPage","@id":"https:\/\/arnaitvideo.ca\/about-us\/","url":"https:\/\/arnaitvideo.ca\/about-us\/","name":"Le collectif - Arnait Video Productions","isPartOf":{"@id":"https:\/\/arnaitvideo.ca\/#website"},"primaryImageOfPage":{"@id":"https:\/\/arnaitvideo.ca\/about-us\/#primaryimage"},"image":{"@id":"https:\/\/arnaitvideo.ca\/about-us\/#primaryimage"},"thumbnailUrl":"https:\/\/arnaitvideo.ca\/wp-content\/uploads\/2022\/03\/arnait-video-productions-about-hero.jpg","datePublished":"2022-01-28T19:25:20+00:00","dateModified":"2022-03-30T16:41:57+00:00","description":"Valoriser la culture unique des femmes d\u2019Igloolik, et des femmes inuites en g\u00e9n\u00e9ral, en favorisant des discussions avec les Canadiens et les Canadiennes de toutes origines.","inLanguage":"fr-CA","potentialAction":[{"@type":"ReadAction","target":["https:\/\/arnaitvideo.ca\/about-us\/"]}]},{"@type":"ImageObject","inLanguage":"fr-CA","@id":"https:\/\/arnaitvideo.ca\/about-us\/#primaryimage","url":"https:\/\/arnaitvideo.ca\/wp-content\/uploads\/2022\/03\/arnait-video-productions-about-hero.jpg","contentUrl":"https:\/\/arnaitvideo.ca\/wp-content\/uploads\/2022\/03\/arnait-video-productions-about-hero.jpg","width":1120,"height":200},{"@type":"WebSite","@id":"https:\/\/arnaitvideo.ca\/#website","url":"https:\/\/arnaitvideo.ca\/","name":"Arnait Video Productions","description":"Voicing a Unique Canadian View","publisher":{"@id":"https:\/\/arnaitvideo.ca\/#organization"},"potentialAction":[{"@type":"SearchAction","target":{"@type":"EntryPoint","urlTemplate":"https:\/\/arnaitvideo.ca\/?s={search_term_string}"},"query-input":{"@type":"PropertyValueSpecification","valueRequired":true,"valueName":"search_term_string"}}],"inLanguage":"fr-CA"},{"@type":"Organization","@id":"https:\/\/arnaitvideo.ca\/#organization","name":"Arnait Video Productions","url":"https:\/\/arnaitvideo.ca\/","logo":{"@type":"ImageObject","inLanguage":"fr-CA","@id":"https:\/\/arnaitvideo.ca\/#\/schema\/logo\/image\/","url":"https:\/\/arnaitvideo.ca\/wp-content\/uploads\/2022\/04\/Arnait-Video-Productions.jpeg","contentUrl":"https:\/\/arnaitvideo.ca\/wp-content\/uploads\/2022\/04\/Arnait-Video-Productions.jpeg","width":1128,"height":750,"caption":"Arnait Video Productions"},"image":{"@id":"https:\/\/arnaitvideo.ca\/#\/schema\/logo\/image\/"}}]}},"_links":{"self":[{"href":"https:\/\/arnaitvideo.ca\/fr\/wp-json\/wp\/v2\/pages\/818","targetHints":{"allow":["GET"]}}],"collection":[{"href":"https:\/\/arnaitvideo.ca\/fr\/wp-json\/wp\/v2\/pages"}],"about":[{"href":"https:\/\/arnaitvideo.ca\/fr\/wp-json\/wp\/v2\/types\/page"}],"author":[{"embeddable":true,"href":"https:\/\/arnaitvideo.ca\/fr\/wp-json\/wp\/v2\/users\/1"}],"replies":[{"embeddable":true,"href":"https:\/\/arnaitvideo.ca\/fr\/wp-json\/wp\/v2\/comments?post=818"}],"version-history":[{"count":3,"href":"https:\/\/arnaitvideo.ca\/fr\/wp-json\/wp\/v2\/pages\/818\/revisions"}],"predecessor-version":[{"id":829,"href":"https:\/\/arnaitvideo.ca\/fr\/wp-json\/wp\/v2\/pages\/818\/revisions\/829"}],"wp:featuredmedia":[{"embeddable":true,"href":"https:\/\/arnaitvideo.ca\/fr\/wp-json\/wp\/v2\/media\/204"}],"wp:attachment":[{"href":"https:\/\/arnaitvideo.ca\/fr\/wp-json\/wp\/v2\/media?parent=818"}],"curies":[{"name":"wp","href":"https:\/\/api.w.org\/{rel}","templated":true}]}}