{"id":1283,"date":"2022-01-28T13:50:44","date_gmt":"2022-01-28T18:50:44","guid":{"rendered":"https:\/\/arnaitvideo.espressostaging.com\/terms-and-conditions\/"},"modified":"2024-01-09T11:07:05","modified_gmt":"2024-01-09T16:07:05","slug":"conditions-d-utilisation","status":"publish","type":"page","link":"https:\/\/arnaitvideo.ca\/fr\/conditions-d-utilisation\/","title":{"rendered":"Conditions d&rsquo;utilisation"},"content":{"rendered":"<p>Date de derni\u00e8re mise \u00e0 jour : 13 juin 2023<\/p>\n<p>PRI\u00c8RE DE LIRE LES CONDITIONS G\u00c9N\u00c9RALES AVANT D&rsquo;UTILISER LE SITE<\/p>\n<p>Les conditions g\u00e9n\u00e9rales qui suivent gouvernent et s&rsquo;appliquent \u00e0 votre utilisation ou recours au site maintenu par Arnait Video Productions (le &laquo;site&raquo;).<br \/>\nEn acc\u00e9dant au site ou en y naviguant, vous d\u00e9clarez avoir lu et compris les conditions g\u00e9n\u00e9rales d&rsquo;utilisation et d\u00e9clarez \u00eatre li\u00e9s par ces conditions. Veuillez noter que nous pouvons modifier les conditions d&rsquo;utilisation \u00e0 tout moment et sans pr\u00e9avis. Votre utilisation continue du site sera consid\u00e9r\u00e9e comme votre acceptation des conditions g\u00e9n\u00e9rales r\u00e9vis\u00e9es.<\/p>\n<p>1. PROPRI\u00c9T\u00c9 INTELLECTUELLE<br \/>\nToute propri\u00e9t\u00e9 intellectuelle sur le site, \u00e0 l&rsquo;exception du contenu g\u00e9n\u00e9r\u00e9 par les utilisateurs tels que d\u00e9finis ci-dessous, est poss\u00e9d\u00e9e par nous ou nos conc\u00e9dants et inclut tout \u00e9l\u00e9ment prot\u00e9g\u00e9 par droits d&rsquo;auteur, marque de commerce ou brevet. Toutes les marques d\u00e9pos\u00e9es sont poss\u00e9d\u00e9es, enregistr\u00e9es et\/ou sous licence par nous. Tout le contenu sur le site, \u00e0 l&rsquo;exception du contenu g\u00e9n\u00e9r\u00e9 par les utilisateurs tel que d\u00e9fini ci-dessous, y compris, mais sans s&rsquo;y limiter, le texte, le logiciel, le code, la conception, les graphiques, les photos, les sons, la musique, les vid\u00e9os, les applications, les fonctionnalit\u00e9s interactives ainsi que tout autre contenu, est une ouvre collective sous le droit canadien ou sous tout autre droit des droits d&rsquo;auteur et est la propri\u00e9t\u00e9 de Arnait Video Productions. Les \u00e9l\u00e9ments figurant sur ce site ne peuvent \u00eatre copi\u00e9s, reproduits, publi\u00e9s de nouveau, t\u00e9l\u00e9charg\u00e9s, affich\u00e9s, transmis, distribu\u00e9s, ni modifi\u00e9s, en totalit\u00e9 ou en partie, que ce soit sous forme textuelle, graphique, audio, vid\u00e9o ou ex\u00e9cutable, sans notre autorisation \u00e9crite.<br \/>\nTous droits r\u00e9serv\u00e9s.<\/p>\n<p>2. UTILISATION DU CONTENU DE L&rsquo;ENTREPRISE<br \/>\nNous pouvons vous fournir certaines informations en raison de votre utilisation du site, y compris, sans s&rsquo;y limiter, des documents, des donn\u00e9es ou des informations d\u00e9velopp\u00e9s par nous, ou tout autre \u00e9l\u00e9ment qui pourrait vous aider dans l&rsquo;utilisation du site ou des services (le &laquo;Contenu de l&rsquo;Entreprise&raquo;). Le Contenu de l&rsquo;Entreprise ne peut \u00eatre utilis\u00e9 pour aucun autre objet que l&rsquo;utilisation du site et des services offerts sur le site. Rien dans les pr\u00e9sentes ne peut \u00eatre interpr\u00e9t\u00e9 comme vous attribuant une licence ou des droits de propri\u00e9t\u00e9 intellectuelle.<\/p>\n<p>3. CONTENU G\u00c9N\u00c9R\u00c9 PAR LES UTILISATEURS<br \/>\nLe &laquo;contenu g\u00e9n\u00e9r\u00e9 par les utilisateurs&raquo; inclut les communications, \u00e9l\u00e9ments, informations, donn\u00e9es, opinions, photos, profils, messages, notes, hyperliens, informations textuelles, conceptions, graphiques, sons ou tout autre contenu que vous et\/ou d&rsquo;autres utilisateurs du site publient ou rendent disponibles sur ou \u00e0 travers le site, \u00e0 l&rsquo;exception du contenu qui est notre propri\u00e9t\u00e9.<\/p>\n<p>4. MARKETING ET PUBLICIT\u00c9 AFFILI\u00c9S<br \/>\nPar l&rsquo;entremise du site et de ses services, nous pouvons pratiquer des activit\u00e9s de marketing affili\u00e9 pour lesquelles nous recevons une commission ou un pourcentage des ventes. Nous pouvons \u00e9galement accepter de la publicit\u00e9 ou des commandites d&rsquo;entreprises commerciales ou recevoir d&rsquo;autres formes de compensation publicitaire.<\/p>\n<p>5. UTILISATION ACCEPTABLE DU SITE<br \/>\nVous acceptez de ne pas utiliser le site pour des fins illicites ou toute autre fin interdite en vertu de la pr\u00e9sente clause. Vous acceptez de ne pas utiliser le site de quelconque fa\u00e7on qui pourrait nuire au site, aux services ou \u00e0 l&rsquo;activit\u00e9 commerciale de Arnait Video Productions.<\/p>\n<p>Vous acceptez \u00e9galement de ne pas utiliser le site pour les fins suivantes :<br \/>\na) harceler, abuser ou menacer autrui ou autrement violer les droits d&rsquo;une personne ;<br \/>\nb) violer la propri\u00e9t\u00e9 intellectuelle de NOM DE L&rsquo;ENTIT\u00c9 ou de toute autre tierce partie ;<br \/>\nc) t\u00e9l\u00e9charger ou transmettre des virus informatiques ou tout autre logiciel qui pourrait endommager la propri\u00e9t\u00e9 de NOM DE L&rsquo;ENTIT\u00c9 ou d&rsquo;autrui ;<br \/>\nd) commettre une fraude ;<br \/>\ne) cr\u00e9er des activit\u00e9s de jeu, de la loterie ou un syst\u00e8me pyramidal illicite ou y participer ;<br \/>\nf) publier ou distribuer du mat\u00e9riel obsc\u00e8ne ou diffamatoire ;<br \/>\ng) publier ou distribuer tout mat\u00e9riel qui incite \u00e8 la violence, \u00e0 la haine, ou \u00e0 la discrimination de quelque groupe que ce soit ; et\/ou<br \/>\nh) recueillir illicitement des informations sur autrui.<\/p>\n<p>6. PROTECTION DE LA VIE PRIV\u00c9E<br \/>\nEn utilisant notre site, il est possible que vous nous fournissiez certaines informations. En utilisant le site, vous nous autorisez \u00e0 utiliser vos informations au Canada et dans tout pays dans lequel nous pourrions op\u00e9rer. Lorsque vous vous inscrivez pour un compte d&rsquo;utilisateur, vous nous fournissez une adresse courriel valide et vous pourriez \u00e9galement nous fournir certaines informations additionnelles, telles que votre nom et\/ou vos informations de facturation. Selon l&rsquo;utilisation que vous faites de notre site, nous pouvons \u00e9galement recevoir de l&rsquo;information d&rsquo;applications externes que vous utilisez pour acc\u00e9der \u00e0 notre site ou nous pouvons recevoir de l&rsquo;information sur vous par diverses technologies du web telles que les cookies, les historiques, les pixels invisibles (aussi appel\u00e9s &laquo;GIF invisibles&raquo;), les balises et autres.<\/p>\n<p>Nous utilisons l&rsquo;information recueillie aupr\u00e8s de vous pour nous assurer que vous assurez une bonne exp\u00e9rience sur le site. Nous pouvons aussi tracer une partie de l&rsquo;information passive re\u00e7ue pour am\u00e9liorer notre marketing et analytique et, pour ce faire, il se peut que nous travaillions avec des fournisseurs tiers. Si vous d\u00e9sirez bloquer notre acc\u00e8s \u00e0 toute information passive que nous recevons de l&rsquo;utilisation de diverses technologies, vous pouvez choisir d&rsquo;inactiver les cookies dans votre navigateur web. Sachez que nous recevrons tout de m\u00eame les informations vous concernant que vous nous fournirez, tel que votre adresse courriel.<\/p>\n<p>7. D\u00c9GAGEMENT DE RESPONSABILIT\u00c9<br \/>\nNotre site existe pour des fins de communications seulement. Vous reconnaissez et convenez que toute information publi\u00e9e sur notre site n&rsquo;est pas destin\u00e9e \u00e0 \u00eatre un avis juridique, m\u00e9dical ou financier et aucun rapport fiduciaire n&rsquo;a \u00e9t\u00e9 cr\u00e9\u00e9 entre vous et Arnait Video Productions. Vous convenez \u00e9galement que votre achat de produits ou services sur le site est \u00e0 vos propres risques. Nous ne sommes responsables en aucun cas des conseils ou de toute autre information v\u00e9hicul\u00e9s sur le site.<\/p>\n<p>8. ING\u00c9NIERIE INVERSE ET S\u00c9CURIT\u00c9<br \/>\nVous ne pouvez entreprendre aucune des actions qui suivent :<br \/>\na) utiliser l&rsquo;ing\u00e9nierie inverse ou d\u00e9sassembler tout code ou logiciel sur ou de ce site ;<br \/>\nb) violer ou tenter de violer la s\u00e9curit\u00e9 du site par tout acc\u00e8s non autoris\u00e9, le contournement du cryptage ou de tout autre outil de s\u00e9curit\u00e9, l&rsquo;exploitation des donn\u00e9es ou l&rsquo;interf\u00e9rence avec tout h\u00f4te, utilisateur ou r\u00e9seau.<\/p>\n<p>9. PERTES DE DONN\u00c9ES<br \/>\nNous ne sommes pas responsables de la s\u00e9curit\u00e9 de votre compte d&rsquo;utilisateur ou du contenu de votre compte. L&rsquo;utilisation du site est \u00e0 vos risques.<\/p>\n<p>10. INDEMNISATION<br \/>\nVous convenez de d\u00e9fendre, d\u00e9dommager et de tenir indemne NOM DE L&rsquo;ENTIT\u00c9 et ses entreprises affili\u00e9es contre toute r\u00e9clamation, poursuite ou demande, incluant les frais d&rsquo;avocats, qui pourrait d\u00e9couler de ou qui se rapporte \u00e0 votre utilisation ou votre abus du site, votre violation des pr\u00e9sentes ou votre conduite et vos actions. Si nous choisissons de le faire, nous choisirons notre avocat et participerons \u00e0 notre propre d\u00e9fense.<\/p>\n<p>11. POLITIQUE CONCERNANT LES POURRIELS<br \/>\nIl vous est strictement interdit d&rsquo;utiliser le site ou tout service offert sur le site \u00e0 des fins d&rsquo;activit\u00e9s ill\u00e9gales reli\u00e9es aux pourriels, incluant la collecte d&rsquo;adresses et d&rsquo;informations personnelles d&rsquo;autrui ou l&rsquo;envoi de courriels commerciaux de masse.<\/p>\n<p>12. LIENS ET CONTENU DE TIERS<br \/>\nNous pouvons publier des liens menant \u00e0 des sites ou services de tiers. Nous ne sommes aucunement responsables de dommages ou pertes li\u00e9s \u00e0 l&rsquo;utilisation des services de tiers dont le lien se trouve sur notre site.<\/p>\n<p>13. IND\u00c9PENDANCE DES CLAUSES<br \/>\nSi une des pr\u00e9sentes clauses est reconnue comme ill\u00e9gale, d\u00e9clar\u00e9e nulle ou inapplicable, en tout ou en partie, la portion inapplicable n&rsquo;affectera pas la validit\u00e9 et l&rsquo;applicabilit\u00e9 des autres clauses des pr\u00e9sentes conditions d&rsquo;utilisation.<\/p>\n<p>14. INTERRUPTIONS DE SERVICE<br \/>\nIl se peut que nous ayons \u00e0 interrompre votre acc\u00e8s au site afin d&rsquo;effectuer des travaux de maintenant ou des travaux d&rsquo;urgence non planifi\u00e9s. Vous convenez que votre acc\u00e8s au site peut \u00eatre affect\u00e9 par une indisponibilit\u00e9 non planifi\u00e9e ou non anticip\u00e9e, pour quelque raison que ce soit, et que nous ne serons en aucun cas tenus responsables de dommages ou de pertes d\u00e9coulant de cette indisponibilit\u00e9.<\/p>\n<p>15. AUCUNE GARANTIE<br \/>\nBien que nous ayons d\u00e9ploy\u00e9 des efforts raisonnables pour nous assurer que le contenu du pr\u00e9sent site est exact, nous ne pouvons garantir que ledit contenu soit exempt d&rsquo;erreurs, \u00e0 jour ou exhaustif. En aucun cas, nous ne pourrons \u00eatre tenus responsables de tout dommage pouvant d\u00e9couler d&rsquo;une erreur se trouvant sur le site.<br \/>\nNous n&rsquo;assumons aucune responsabilit\u00e9 quant \u00e0 tout dommage d\u00e9coulant de la mauvaise utilisation du contenu du site. Nous ne pouvons non plus garantir que le site soit disponible sans interruption, sans erreur ni omission, ni que les d\u00e9fauts soient corrig\u00e9s. Il n&rsquo;est pas non plus possible de garantir que le site et les serveurs qui le rendent disponible sont exempts de virus ou de composantes nuisibles. Le site et son contenu sont fournis &laquo;tels quels&raquo; et &laquo;selon la disponibilit\u00e9&raquo; sans d\u00e9claration, garantie ou condition de quelque nature que ce soit, expresse ou implicite.<\/p>\n","protected":false},"excerpt":{"rendered":"<p>Date de derni\u00e8re mise \u00e0 jour : 13 juin 2023 PRI\u00c8RE DE LIRE LES CONDITIONS G\u00c9N\u00c9RALES AVANT D&rsquo;UTILISER LE SITE Les conditions g\u00e9n\u00e9rales qui suivent gouvernent et s&rsquo;appliquent \u00e0 votre utilisation ou recours au site maintenu par Arnait Video Productions (le &laquo;site&raquo;). En acc\u00e9dant au site ou en y naviguant, vous d\u00e9clarez avoir lu et [&#8230;]<\/p>\n<p><a class=\"btn btn-secondary understrap-read-more-link\" href=\"https:\/\/arnaitvideo.ca\/fr\/conditions-d-utilisation\/\">Read More&#8230;<span class=\"screen-reader-text\"> from Conditions d&rsquo;utilisation<\/span><\/a><\/p>\n","protected":false},"author":1,"featured_media":0,"parent":0,"menu_order":0,"comment_status":"closed","ping_status":"closed","template":"","meta":{"_acf_changed":false,"footnotes":""},"class_list":["post-1283","page","type-page","status-publish","hentry"],"acf":[],"yoast_head":"<!-- This site is optimized with the Yoast SEO plugin v26.5 - https:\/\/yoast.com\/wordpress\/plugins\/seo\/ -->\n<title>Conditions d&#039;utilisation - Arnait Video Productions<\/title>\n<meta name=\"robots\" content=\"index, follow, max-snippet:-1, max-image-preview:large, max-video-preview:-1\" \/>\n<link rel=\"canonical\" href=\"https:\/\/arnaitvideo.ca\/terms-and-conditions\/\" \/>\n<meta property=\"og:locale\" content=\"fr_CA\" \/>\n<meta property=\"og:type\" content=\"article\" \/>\n<meta property=\"og:title\" content=\"Conditions d&#039;utilisation - Arnait Video Productions\" \/>\n<meta property=\"og:description\" content=\"Date de derni\u00e8re mise \u00e0 jour : 13 juin 2023 PRI\u00c8RE DE LIRE LES CONDITIONS G\u00c9N\u00c9RALES AVANT D&rsquo;UTILISER LE SITE Les conditions g\u00e9n\u00e9rales qui suivent gouvernent et s&rsquo;appliquent \u00e0 votre utilisation ou recours au site maintenu par Arnait Video Productions (le &laquo;site&raquo;). En acc\u00e9dant au site ou en y naviguant, vous d\u00e9clarez avoir lu et [...]Read More... from Conditions d&rsquo;utilisation\" \/>\n<meta property=\"og:url\" content=\"https:\/\/arnaitvideo.ca\/terms-and-conditions\/\" \/>\n<meta property=\"og:site_name\" content=\"Arnait Video Productions\" \/>\n<meta property=\"article:modified_time\" content=\"2024-01-09T16:07:05+00:00\" \/>\n<meta property=\"og:image\" content=\"https:\/\/arnaitvideo.ca\/wp-content\/uploads\/2022\/04\/Arnait-Video-Productions-team.jpeg\" \/>\n\t<meta property=\"og:image:width\" content=\"960\" \/>\n\t<meta property=\"og:image:height\" content=\"720\" \/>\n\t<meta property=\"og:image:type\" content=\"image\/jpeg\" \/>\n<meta name=\"twitter:card\" content=\"summary_large_image\" \/>\n<meta name=\"twitter:label1\" content=\"Estimation du temps de lecture\" \/>\n\t<meta name=\"twitter:data1\" content=\"7 minutes\" \/>\n<script type=\"application\/ld+json\" class=\"yoast-schema-graph\">{\"@context\":\"https:\/\/schema.org\",\"@graph\":[{\"@type\":\"WebPage\",\"@id\":\"https:\/\/arnaitvideo.ca\/terms-and-conditions\/\",\"url\":\"https:\/\/arnaitvideo.ca\/terms-and-conditions\/\",\"name\":\"Conditions d'utilisation - Arnait Video Productions\",\"isPartOf\":{\"@id\":\"https:\/\/arnaitvideo.ca\/#website\"},\"datePublished\":\"2022-01-28T18:50:44+00:00\",\"dateModified\":\"2024-01-09T16:07:05+00:00\",\"inLanguage\":\"fr-CA\",\"potentialAction\":[{\"@type\":\"ReadAction\",\"target\":[\"https:\/\/arnaitvideo.ca\/terms-and-conditions\/\"]}]},{\"@type\":\"WebSite\",\"@id\":\"https:\/\/arnaitvideo.ca\/#website\",\"url\":\"https:\/\/arnaitvideo.ca\/\",\"name\":\"Arnait Video Productions\",\"description\":\"Voicing a Unique Canadian View\",\"publisher\":{\"@id\":\"https:\/\/arnaitvideo.ca\/#organization\"},\"potentialAction\":[{\"@type\":\"SearchAction\",\"target\":{\"@type\":\"EntryPoint\",\"urlTemplate\":\"https:\/\/arnaitvideo.ca\/?s={search_term_string}\"},\"query-input\":{\"@type\":\"PropertyValueSpecification\",\"valueRequired\":true,\"valueName\":\"search_term_string\"}}],\"inLanguage\":\"fr-CA\"},{\"@type\":\"Organization\",\"@id\":\"https:\/\/arnaitvideo.ca\/#organization\",\"name\":\"Arnait Video Productions\",\"url\":\"https:\/\/arnaitvideo.ca\/\",\"logo\":{\"@type\":\"ImageObject\",\"inLanguage\":\"fr-CA\",\"@id\":\"https:\/\/arnaitvideo.ca\/#\/schema\/logo\/image\/\",\"url\":\"https:\/\/arnaitvideo.ca\/wp-content\/uploads\/2022\/04\/Arnait-Video-Productions.jpeg\",\"contentUrl\":\"https:\/\/arnaitvideo.ca\/wp-content\/uploads\/2022\/04\/Arnait-Video-Productions.jpeg\",\"width\":1128,\"height\":750,\"caption\":\"Arnait Video Productions\"},\"image\":{\"@id\":\"https:\/\/arnaitvideo.ca\/#\/schema\/logo\/image\/\"}}]}<\/script>\n<!-- \/ Yoast SEO plugin. -->","yoast_head_json":{"title":"Conditions d'utilisation - Arnait Video Productions","robots":{"index":"index","follow":"follow","max-snippet":"max-snippet:-1","max-image-preview":"max-image-preview:large","max-video-preview":"max-video-preview:-1"},"canonical":"https:\/\/arnaitvideo.ca\/terms-and-conditions\/","og_locale":"fr_CA","og_type":"article","og_title":"Conditions d'utilisation - Arnait Video Productions","og_description":"Date de derni\u00e8re mise \u00e0 jour : 13 juin 2023 PRI\u00c8RE DE LIRE LES CONDITIONS G\u00c9N\u00c9RALES AVANT D&rsquo;UTILISER LE SITE Les conditions g\u00e9n\u00e9rales qui suivent gouvernent et s&rsquo;appliquent \u00e0 votre utilisation ou recours au site maintenu par Arnait Video Productions (le &laquo;site&raquo;). En acc\u00e9dant au site ou en y naviguant, vous d\u00e9clarez avoir lu et [...]Read More... from Conditions d&rsquo;utilisation","og_url":"https:\/\/arnaitvideo.ca\/terms-and-conditions\/","og_site_name":"Arnait Video Productions","article_modified_time":"2024-01-09T16:07:05+00:00","og_image":[{"width":960,"height":720,"url":"https:\/\/arnaitvideo.ca\/wp-content\/uploads\/2022\/04\/Arnait-Video-Productions-team.jpeg","type":"image\/jpeg"}],"twitter_card":"summary_large_image","twitter_misc":{"Estimation du temps de lecture":"7 minutes"},"schema":{"@context":"https:\/\/schema.org","@graph":[{"@type":"WebPage","@id":"https:\/\/arnaitvideo.ca\/terms-and-conditions\/","url":"https:\/\/arnaitvideo.ca\/terms-and-conditions\/","name":"Conditions d'utilisation - Arnait Video Productions","isPartOf":{"@id":"https:\/\/arnaitvideo.ca\/#website"},"datePublished":"2022-01-28T18:50:44+00:00","dateModified":"2024-01-09T16:07:05+00:00","inLanguage":"fr-CA","potentialAction":[{"@type":"ReadAction","target":["https:\/\/arnaitvideo.ca\/terms-and-conditions\/"]}]},{"@type":"WebSite","@id":"https:\/\/arnaitvideo.ca\/#website","url":"https:\/\/arnaitvideo.ca\/","name":"Arnait Video Productions","description":"Voicing a Unique Canadian View","publisher":{"@id":"https:\/\/arnaitvideo.ca\/#organization"},"potentialAction":[{"@type":"SearchAction","target":{"@type":"EntryPoint","urlTemplate":"https:\/\/arnaitvideo.ca\/?s={search_term_string}"},"query-input":{"@type":"PropertyValueSpecification","valueRequired":true,"valueName":"search_term_string"}}],"inLanguage":"fr-CA"},{"@type":"Organization","@id":"https:\/\/arnaitvideo.ca\/#organization","name":"Arnait Video Productions","url":"https:\/\/arnaitvideo.ca\/","logo":{"@type":"ImageObject","inLanguage":"fr-CA","@id":"https:\/\/arnaitvideo.ca\/#\/schema\/logo\/image\/","url":"https:\/\/arnaitvideo.ca\/wp-content\/uploads\/2022\/04\/Arnait-Video-Productions.jpeg","contentUrl":"https:\/\/arnaitvideo.ca\/wp-content\/uploads\/2022\/04\/Arnait-Video-Productions.jpeg","width":1128,"height":750,"caption":"Arnait Video Productions"},"image":{"@id":"https:\/\/arnaitvideo.ca\/#\/schema\/logo\/image\/"}}]}},"_links":{"self":[{"href":"https:\/\/arnaitvideo.ca\/fr\/wp-json\/wp\/v2\/pages\/1283","targetHints":{"allow":["GET"]}}],"collection":[{"href":"https:\/\/arnaitvideo.ca\/fr\/wp-json\/wp\/v2\/pages"}],"about":[{"href":"https:\/\/arnaitvideo.ca\/fr\/wp-json\/wp\/v2\/types\/page"}],"author":[{"embeddable":true,"href":"https:\/\/arnaitvideo.ca\/fr\/wp-json\/wp\/v2\/users\/1"}],"replies":[{"embeddable":true,"href":"https:\/\/arnaitvideo.ca\/fr\/wp-json\/wp\/v2\/comments?post=1283"}],"version-history":[{"count":3,"href":"https:\/\/arnaitvideo.ca\/fr\/wp-json\/wp\/v2\/pages\/1283\/revisions"}],"predecessor-version":[{"id":1287,"href":"https:\/\/arnaitvideo.ca\/fr\/wp-json\/wp\/v2\/pages\/1283\/revisions\/1287"}],"wp:attachment":[{"href":"https:\/\/arnaitvideo.ca\/fr\/wp-json\/wp\/v2\/media?parent=1283"}],"curies":[{"name":"wp","href":"https:\/\/api.w.org\/{rel}","templated":true}]}}