{"id":1183,"date":"2022-03-14T16:38:31","date_gmt":"2022-03-14T21:38:31","guid":{"rendered":"https:\/\/arnaitvideo.ca\/honors\/"},"modified":"2022-03-30T11:34:28","modified_gmt":"2022-03-30T16:34:28","slug":"distinctions","status":"publish","type":"page","link":"https:\/\/arnaitvideo.ca\/fr\/distinctions\/","title":{"rendered":"Distinctions"},"content":{"rendered":"<p>&nbsp;<\/p>\n<blockquote class=\"blockquote\"><p><cite><b>Before Tomorrow\/Le jour avant le lendemain<\/b><\/cite><\/p><\/blockquote>\n<p><b>Awards\/Prix<\/b><\/p>\n<p><span style=\"font-weight: 400;\">Best First Canadian Film \/ Meilleur Premier long m\u00e9trage canadien, Toronto International Film Festival 2008.<\/span><span style=\"font-weight: 400;\"><br \/>\n<\/span><span style=\"font-weight: 400;\">Best Film \/ Meilleur Film, ImagineNATIVE Film Festival, Toronto, 2008.<\/span><span style=\"font-weight: 400;\"><br \/>\n<\/span><span style=\"font-weight: 400;\">Best Canadian Film \/ Meilleur Film canadien, Victoria Film Festival, 2009.<\/span><span style=\"font-weight: 400;\"><br \/>\n<\/span><span style=\"font-weight: 400;\">Best Film\u00a0 \/ Meilleur Film, Best cinematography \/ Meilleure cin\u00e9matographie, Festival Pr\u00e9sences autochtones, Montr\u00e9al, 2009.<\/span><span style=\"font-weight: 400;\"><br \/>\n<\/span><span style=\"font-weight: 400;\">Best Film \/ Meilleur Film, American Indian Film Festival, San Francisco, 2009.<\/span><span style=\"font-weight: 400;\"><br \/>\n<\/span><\/p>\n<p><b>Nominated\/Nominations<\/b><\/p>\n<p><span style=\"font-weight: 400;\">Grand Jury Price \/ Grand Prix du Jury, World Cinema, Sundance Film Festival, 2008.<\/span><span style=\"font-weight: 400;\"><br \/>\n<\/span><span style=\"font-weight: 400;\">Genie Awards 2010: Best Director, Best Film, Best adaptation, Best Costums, Best Music \/ Meilleure r\u00e9alisation, Meilleur film, Meilleure adaptation, Meilleurs costumes, Meilleure musique.<\/span><\/p>\n<p><span style=\"font-weight: 400;\">Prix Jutra 2010: Best Film, Best direction, Best music, Best costums \/ Meilleur film, Meilleure r\u00e9alisation, Meilleure musique, Meilleurs costumes.<\/span><\/p>\n<blockquote class=\"blockquote\"><p><cite><b>The Uluit, Champions of the North<\/b><\/cite><\/p><\/blockquote>\n<p><b>Nominated\/Nomination<\/b><\/p>\n<p><span style=\"font-weight: 400;\">Gemini, Best Documentary series \/ Meilleure s\u00e9rie documentaire pour la t\u00e9l\u00e9vision, 2011.<\/span><\/p>\n<blockquote class=\"blockquote\"><p><cite><b>Uvanga<\/b><\/cite><\/p><\/blockquote>\n<p><b>Awards\/Prix<\/b><\/p>\n<p><span style=\"font-weight: 400;\">Best Film \/ Meilleur Film, Yellowknife International Film Feature, 2013.<\/span><span style=\"font-weight: 400;\"><br \/>\n<\/span><span style=\"font-weight: 400;\">Best Film \/ Meilleur Film, Yakutsk International Film Festival, 2014.<\/span><span style=\"font-weight: 400;\"><br \/>\n<\/span><\/p>\n<p><b>Nominated\/Nominations<\/b><\/p>\n<p><span style=\"font-weight: 400;\">17<\/span><span style=\"font-weight: 400;\">e<\/span><span style=\"font-weight: 400;\"> Prix Jutra: Best Editing, Best Original Music, Best Sound \/ Meilleur montage, Meilleure musique, Meilleur son, Montr\u00e9al.<\/span><\/p>\n<p><span style=\"font-weight: 400;\">Award\u00a0 Birks Diamond for women in films \/ Prix Birks pour les femmes en cin\u00e9ma for Madeline Ivalu and Marie-H\u00e9l\u00e8ne Cousineau, Toronto International Film Festival, 2014.<\/span><\/p>\n<blockquote class=\"blockquote\"><p><cite><b>SOL<\/b><\/cite><\/p><\/blockquote>\n<p><b>Awards\/Prix<\/b><\/p>\n<p><span style=\"font-weight: 400;\">Best Documentary Feature \/ Meilleur film documentaire, Canadien Screen Award\u00a0 Prix \u00c9cran Canadien, 2016.<\/span><span style=\"font-weight: 400;\"><br \/>\n<\/span><span style=\"font-weight: 400;\">Best Ten films of the Year \/ Meilleur 10 Films de l\u2019ann\u00e9e, Toronto International Film Festival, 2016.<\/span><span style=\"font-weight: 400;\"><br \/>\n<\/span><span style=\"font-weight: 400;\">Best Canadian Feature \/ Meilleur Film Canadien, long m\u00e9trage, Rencontres Internationales du Documentaire de Montr\u00e9al, 2014.<\/span><\/p>\n<blockquote class=\"blockquote\"><p><cite><b>Tia and Piujuq<\/b><\/cite><\/p><\/blockquote>\n<p><b>Awards\/Prix<\/b><\/p>\n<p><span style=\"font-weight: 400;\">Winner \/ Gagnant du Prix Jean Malaurie, Festival du film canadien de Dieppe, 2019.<\/span><span style=\"font-weight: 400;\"><br \/>\n<\/span><span style=\"font-weight: 400;\">Prix Unicef, film pour enfants, Stuttgart Indianer Film Festival, 2020.<\/span><\/p>\n<blockquote class=\"blockquote\"><p><cite><b>Restless River<\/b><\/cite><\/p><\/blockquote>\n<p><b>Awards\/Prix<\/b><\/p>\n<p><span style=\"font-weight: 400;\">Winner \/ Gagnant du Prix Jean Malaurie, Festival du film canadien de Dieppe, 2020.<\/span><\/p>\n<p>&nbsp;<\/p>\n","protected":false},"excerpt":{"rendered":"<p>&nbsp; Before Tomorrow\/Le jour avant le lendemain Awards\/Prix Best First Canadian Film \/ Meilleur Premier long m\u00e9trage canadien, Toronto International Film Festival 2008. Best Film \/ Meilleur Film, ImagineNATIVE Film Festival, Toronto, 2008. Best Canadian Film \/ Meilleur Film canadien, Victoria Film Festival, 2009. Best Film\u00a0 \/ Meilleur Film, Best cinematography \/ Meilleure cin\u00e9matographie, Festival [&#8230;]<\/p>\n<p><a class=\"btn btn-secondary understrap-read-more-link\" href=\"https:\/\/arnaitvideo.ca\/fr\/distinctions\/\">Read More&#8230;<span class=\"screen-reader-text\"> from Distinctions<\/span><\/a><\/p>\n","protected":false},"author":1,"featured_media":624,"parent":0,"menu_order":0,"comment_status":"closed","ping_status":"closed","template":"page-templates\/texte.php","meta":{"_acf_changed":false,"footnotes":""},"class_list":["post-1183","page","type-page","status-publish","has-post-thumbnail","hentry"],"acf":[],"yoast_head":"<!-- This site is optimized with the Yoast SEO plugin v26.5 - https:\/\/yoast.com\/wordpress\/plugins\/seo\/ -->\n<title>Distinctions - Arnait Video Productions<\/title>\n<meta name=\"description\" content=\"Depuis ses d\u00e9buts, Arnait Video Productions a remport\u00e9 plusieurs prix et r\u00e9compenses.\" \/>\n<meta name=\"robots\" content=\"index, follow, max-snippet:-1, max-image-preview:large, max-video-preview:-1\" \/>\n<link rel=\"canonical\" href=\"https:\/\/arnaitvideo.ca\/honors\/\" \/>\n<meta property=\"og:locale\" content=\"fr_CA\" \/>\n<meta property=\"og:type\" content=\"article\" \/>\n<meta property=\"og:title\" content=\"Distinctions - Arnait Video Productions\" \/>\n<meta property=\"og:description\" content=\"Depuis ses d\u00e9buts, Arnait Video Productions a remport\u00e9 plusieurs prix et r\u00e9compenses.\" \/>\n<meta property=\"og:url\" content=\"https:\/\/arnaitvideo.ca\/honors\/\" \/>\n<meta property=\"og:site_name\" content=\"Arnait Video Productions\" \/>\n<meta property=\"article:modified_time\" content=\"2022-03-30T16:34:28+00:00\" \/>\n<meta property=\"og:image\" content=\"https:\/\/arnaitvideo.ca\/wp-content\/uploads\/2022\/03\/arnait-video-productions-honors-hero.jpg\" \/>\n\t<meta property=\"og:image:width\" content=\"1120\" \/>\n\t<meta property=\"og:image:height\" content=\"200\" \/>\n\t<meta property=\"og:image:type\" content=\"image\/jpeg\" \/>\n<meta name=\"twitter:card\" content=\"summary_large_image\" \/>\n<meta name=\"twitter:label1\" content=\"Estimation du temps de lecture\" \/>\n\t<meta name=\"twitter:data1\" content=\"1 minute\" \/>\n<script type=\"application\/ld+json\" class=\"yoast-schema-graph\">{\"@context\":\"https:\/\/schema.org\",\"@graph\":[{\"@type\":\"WebPage\",\"@id\":\"https:\/\/arnaitvideo.ca\/honors\/\",\"url\":\"https:\/\/arnaitvideo.ca\/honors\/\",\"name\":\"Distinctions - Arnait Video Productions\",\"isPartOf\":{\"@id\":\"https:\/\/arnaitvideo.ca\/#website\"},\"primaryImageOfPage\":{\"@id\":\"https:\/\/arnaitvideo.ca\/honors\/#primaryimage\"},\"image\":{\"@id\":\"https:\/\/arnaitvideo.ca\/honors\/#primaryimage\"},\"thumbnailUrl\":\"https:\/\/arnaitvideo.ca\/wp-content\/uploads\/2022\/03\/arnait-video-productions-honors-hero.jpg\",\"datePublished\":\"2022-03-14T21:38:31+00:00\",\"dateModified\":\"2022-03-30T16:34:28+00:00\",\"description\":\"Depuis ses d\u00e9buts, Arnait Video Productions a remport\u00e9 plusieurs prix et r\u00e9compenses.\",\"inLanguage\":\"fr-CA\",\"potentialAction\":[{\"@type\":\"ReadAction\",\"target\":[\"https:\/\/arnaitvideo.ca\/honors\/\"]}]},{\"@type\":\"ImageObject\",\"inLanguage\":\"fr-CA\",\"@id\":\"https:\/\/arnaitvideo.ca\/honors\/#primaryimage\",\"url\":\"https:\/\/arnaitvideo.ca\/wp-content\/uploads\/2022\/03\/arnait-video-productions-honors-hero.jpg\",\"contentUrl\":\"https:\/\/arnaitvideo.ca\/wp-content\/uploads\/2022\/03\/arnait-video-productions-honors-hero.jpg\",\"width\":1120,\"height\":200},{\"@type\":\"WebSite\",\"@id\":\"https:\/\/arnaitvideo.ca\/#website\",\"url\":\"https:\/\/arnaitvideo.ca\/\",\"name\":\"Arnait Video Productions\",\"description\":\"Voicing a Unique Canadian View\",\"publisher\":{\"@id\":\"https:\/\/arnaitvideo.ca\/#organization\"},\"potentialAction\":[{\"@type\":\"SearchAction\",\"target\":{\"@type\":\"EntryPoint\",\"urlTemplate\":\"https:\/\/arnaitvideo.ca\/?s={search_term_string}\"},\"query-input\":{\"@type\":\"PropertyValueSpecification\",\"valueRequired\":true,\"valueName\":\"search_term_string\"}}],\"inLanguage\":\"fr-CA\"},{\"@type\":\"Organization\",\"@id\":\"https:\/\/arnaitvideo.ca\/#organization\",\"name\":\"Arnait Video Productions\",\"url\":\"https:\/\/arnaitvideo.ca\/\",\"logo\":{\"@type\":\"ImageObject\",\"inLanguage\":\"fr-CA\",\"@id\":\"https:\/\/arnaitvideo.ca\/#\/schema\/logo\/image\/\",\"url\":\"https:\/\/arnaitvideo.ca\/wp-content\/uploads\/2022\/04\/Arnait-Video-Productions.jpeg\",\"contentUrl\":\"https:\/\/arnaitvideo.ca\/wp-content\/uploads\/2022\/04\/Arnait-Video-Productions.jpeg\",\"width\":1128,\"height\":750,\"caption\":\"Arnait Video Productions\"},\"image\":{\"@id\":\"https:\/\/arnaitvideo.ca\/#\/schema\/logo\/image\/\"}}]}<\/script>\n<!-- \/ Yoast SEO plugin. -->","yoast_head_json":{"title":"Distinctions - Arnait Video Productions","description":"Depuis ses d\u00e9buts, Arnait Video Productions a remport\u00e9 plusieurs prix et r\u00e9compenses.","robots":{"index":"index","follow":"follow","max-snippet":"max-snippet:-1","max-image-preview":"max-image-preview:large","max-video-preview":"max-video-preview:-1"},"canonical":"https:\/\/arnaitvideo.ca\/honors\/","og_locale":"fr_CA","og_type":"article","og_title":"Distinctions - Arnait Video Productions","og_description":"Depuis ses d\u00e9buts, Arnait Video Productions a remport\u00e9 plusieurs prix et r\u00e9compenses.","og_url":"https:\/\/arnaitvideo.ca\/honors\/","og_site_name":"Arnait Video Productions","article_modified_time":"2022-03-30T16:34:28+00:00","og_image":[{"width":1120,"height":200,"url":"https:\/\/arnaitvideo.ca\/wp-content\/uploads\/2022\/03\/arnait-video-productions-honors-hero.jpg","type":"image\/jpeg"}],"twitter_card":"summary_large_image","twitter_misc":{"Estimation du temps de lecture":"1 minute"},"schema":{"@context":"https:\/\/schema.org","@graph":[{"@type":"WebPage","@id":"https:\/\/arnaitvideo.ca\/honors\/","url":"https:\/\/arnaitvideo.ca\/honors\/","name":"Distinctions - Arnait Video Productions","isPartOf":{"@id":"https:\/\/arnaitvideo.ca\/#website"},"primaryImageOfPage":{"@id":"https:\/\/arnaitvideo.ca\/honors\/#primaryimage"},"image":{"@id":"https:\/\/arnaitvideo.ca\/honors\/#primaryimage"},"thumbnailUrl":"https:\/\/arnaitvideo.ca\/wp-content\/uploads\/2022\/03\/arnait-video-productions-honors-hero.jpg","datePublished":"2022-03-14T21:38:31+00:00","dateModified":"2022-03-30T16:34:28+00:00","description":"Depuis ses d\u00e9buts, Arnait Video Productions a remport\u00e9 plusieurs prix et r\u00e9compenses.","inLanguage":"fr-CA","potentialAction":[{"@type":"ReadAction","target":["https:\/\/arnaitvideo.ca\/honors\/"]}]},{"@type":"ImageObject","inLanguage":"fr-CA","@id":"https:\/\/arnaitvideo.ca\/honors\/#primaryimage","url":"https:\/\/arnaitvideo.ca\/wp-content\/uploads\/2022\/03\/arnait-video-productions-honors-hero.jpg","contentUrl":"https:\/\/arnaitvideo.ca\/wp-content\/uploads\/2022\/03\/arnait-video-productions-honors-hero.jpg","width":1120,"height":200},{"@type":"WebSite","@id":"https:\/\/arnaitvideo.ca\/#website","url":"https:\/\/arnaitvideo.ca\/","name":"Arnait Video Productions","description":"Voicing a Unique Canadian View","publisher":{"@id":"https:\/\/arnaitvideo.ca\/#organization"},"potentialAction":[{"@type":"SearchAction","target":{"@type":"EntryPoint","urlTemplate":"https:\/\/arnaitvideo.ca\/?s={search_term_string}"},"query-input":{"@type":"PropertyValueSpecification","valueRequired":true,"valueName":"search_term_string"}}],"inLanguage":"fr-CA"},{"@type":"Organization","@id":"https:\/\/arnaitvideo.ca\/#organization","name":"Arnait Video Productions","url":"https:\/\/arnaitvideo.ca\/","logo":{"@type":"ImageObject","inLanguage":"fr-CA","@id":"https:\/\/arnaitvideo.ca\/#\/schema\/logo\/image\/","url":"https:\/\/arnaitvideo.ca\/wp-content\/uploads\/2022\/04\/Arnait-Video-Productions.jpeg","contentUrl":"https:\/\/arnaitvideo.ca\/wp-content\/uploads\/2022\/04\/Arnait-Video-Productions.jpeg","width":1128,"height":750,"caption":"Arnait Video Productions"},"image":{"@id":"https:\/\/arnaitvideo.ca\/#\/schema\/logo\/image\/"}}]}},"_links":{"self":[{"href":"https:\/\/arnaitvideo.ca\/fr\/wp-json\/wp\/v2\/pages\/1183","targetHints":{"allow":["GET"]}}],"collection":[{"href":"https:\/\/arnaitvideo.ca\/fr\/wp-json\/wp\/v2\/pages"}],"about":[{"href":"https:\/\/arnaitvideo.ca\/fr\/wp-json\/wp\/v2\/types\/page"}],"author":[{"embeddable":true,"href":"https:\/\/arnaitvideo.ca\/fr\/wp-json\/wp\/v2\/users\/1"}],"replies":[{"embeddable":true,"href":"https:\/\/arnaitvideo.ca\/fr\/wp-json\/wp\/v2\/comments?post=1183"}],"version-history":[{"count":3,"href":"https:\/\/arnaitvideo.ca\/fr\/wp-json\/wp\/v2\/pages\/1183\/revisions"}],"predecessor-version":[{"id":1200,"href":"https:\/\/arnaitvideo.ca\/fr\/wp-json\/wp\/v2\/pages\/1183\/revisions\/1200"}],"wp:featuredmedia":[{"embeddable":true,"href":"https:\/\/arnaitvideo.ca\/fr\/wp-json\/wp\/v2\/media\/624"}],"wp:attachment":[{"href":"https:\/\/arnaitvideo.ca\/fr\/wp-json\/wp\/v2\/media?parent=1183"}],"curies":[{"name":"wp","href":"https:\/\/api.w.org\/{rel}","templated":true}]}}